{"id":569,"date":"2023-03-29T12:35:54","date_gmt":"2023-03-29T10:35:54","guid":{"rendered":"https:\/\/johannisstein.eu\/raum-ohne-grenzen\/"},"modified":"2023-05-31T08:41:39","modified_gmt":"2023-05-31T06:41:39","slug":"raum-ohne-grenzen","status":"publish","type":"page","link":"https:\/\/johannisstein.eu\/de\/raum-ohne-grenzen\/","title":{"rendered":"Raum ohne Grenzen"},"content":{"rendered":"<p>[et_pb_section fb_built=&#8220;1&#8243; custom_padding_last_edited=&#8220;on|tablet&#8220; _builder_version=&#8220;4.20.2&#8243; _module_preset=&#8220;default&#8220; background_color=&#8220;RGBA(255,255,255,0)&#8220; background_enable_image=&#8220;off&#8220; background_blend=&#8220;multiply&#8220; custom_padding=&#8220;8vh||8vh||true|false&#8220; custom_padding_tablet=&#8220;4vh||4vh||true|false&#8220; custom_padding_phone=&#8220;4vh||4vh||true|false&#8220; global_colors_info=&#8220;{}&#8220;][et_pb_row column_structure=&#8220;2_3,1_3&#8243; _builder_version=&#8220;4.20.2&#8243; _module_preset=&#8220;default&#8220; background_color=&#8220;rgba(255,254,241,0.7)&#8220; width=&#8220;90%&#8220; custom_padding=&#8220;25px|25px|25px|25px|true|true&#8220; border_radii=&#8220;on|10px|10px|10px|10px&#8220; global_colors_info=&#8220;{}&#8220;][et_pb_column type=&#8220;2_3&#8243; _builder_version=&#8220;4.20.2&#8243; _module_preset=&#8220;default&#8220; custom_padding=&#8220;5vh|25px|5vh|25px|false|true&#8220; custom_padding_tablet=&#8220;2vh|0px|2vh|0px|false|true&#8220; custom_padding_phone=&#8220;2vh|0px||0px|false|true&#8220; custom_padding_last_edited=&#8220;on|tablet&#8220; global_colors_info=&#8220;{}&#8220;][et_pb_text _builder_version=&#8220;4.20.2&#8243; _module_preset=&#8220;default&#8220; header_font=&#8220;|300|||||||&#8220; header_text_color=&#8220;#202020&#8243; header_font_size=&#8220;48px&#8220; header_line_height=&#8220;1.3em&#8220; header_text_align_tablet=&#8220;center&#8220; header_text_align_phone=&#8220;center&#8220; header_text_align_last_edited=&#8220;on|tablet&#8220; header_font_size_tablet=&#8220;32px&#8220; header_font_size_phone=&#8220;32px&#8220; header_font_size_last_edited=&#8220;on|tablet&#8220; global_colors_info=&#8220;{}&#8220;]<\/p>\n<h1>Raum ohne Grenzen<\/h1>\n<p>[\/et_pb_text][et_pb_image src=&#8220;https:\/\/johannisstein.eu\/wp-content\/uploads\/2023\/03\/janske-lazne_fotografie-prostor-bez-hranic.jpg&#8220; alt=&#8220;Ubytov\u00e1n\u00ed v J\u00e1nsk\u00fdch L\u00e1zn\u00edch &#8211; Historie&#8220; title_text=&#8220;janske-lazne_fotografie-prostor-bez-hranic&#8220; _builder_version=&#8220;4.20.2&#8243; _module_preset=&#8220;default&#8220; custom_margin=&#8220;||5vh||false|false&#8220; border_radii=&#8220;on|10px|10px|10px|10px&#8220; global_colors_info=&#8220;{}&#8220;][\/et_pb_image][et_pb_text _builder_version=&#8220;4.20.2&#8243; _module_preset=&#8220;default&#8220; text_text_color=&#8220;#202020&#8243; custom_margin=&#8220;||5vh||false|false&#8220; text_font_size_tablet=&#8220;14px&#8220; text_font_size_phone=&#8220;14px&#8220; text_font_size_last_edited=&#8220;on|tablet&#8220; text_orientation_tablet=&#8220;center&#8220; text_orientation_phone=&#8220;center&#8220; text_orientation_last_edited=&#8220;on|tablet&#8220; global_colors_info=&#8220;{}&#8220;]<\/p>\n<p>Unsere Gegend ist ein Ort der Begegnung. Hier sto\u00dfen nicht nur die Grenzen Tschechiens, Deutschlands und Polens und die Br\u00e4uche und Traditionen dreier V\u00f6lker aufeinander, sondern auch die Geschichte und die Gegenwart. Die offene Staatsgrenze erlaubt Ihnen heute freie Bewegung \u2013 wann immer und wo immer Sie wollen. Egal, ob Sie das \u201eLausitzer\u201c oder \u201eZittauer\u201c Gebirge unter den F\u00fc\u00dfen haben \u2013 das ist bei uns ein einziger universeller Begriff.<\/p>\n<p>So auch bei uns. Hier verl\u00e4uft die Staatsgrenze genau zwischen unseren H\u00e4usern \u2013 ein einmaliges Erlebnis. Sie k\u00f6nnen beispielsweise auf der beschatteten Terrasse in Tschechien ihren Nachmittagskaffee trinken und ihr Partner sonnt sich inzwischen in Deutschland. Das Besondere, sie sitzen am gemeinsamen Tisch! Unm\u00f6glich? Bei uns nicht!<\/p>\n<p>[\/et_pb_text][et_pb_image src=&#8220;https:\/\/johannisstein.eu\/wp-content\/uploads\/2023\/03\/hranicni-znaceni.jpg&#8220; title_text=&#8220;hranicni-znaceni&#8220; align=&#8220;center&#8220; _builder_version=&#8220;4.20.4&#8243; _module_preset=&#8220;default&#8220; custom_margin=&#8220;||5vh||false|false&#8220; global_colors_info=&#8220;{}&#8220;][\/et_pb_image][et_pb_text _builder_version=&#8220;4.20.4&#8243; _module_preset=&#8220;default&#8220; text_font=&#8220;|||on|||||&#8220; text_text_color=&#8220;#808000&#8243; text_font_size=&#8220;30px&#8220; text_orientation=&#8220;center&#8220; custom_margin_tablet=&#8220;||3vh||false|false&#8220; custom_margin_phone=&#8220;||3vh||false|false&#8220; custom_margin_last_edited=&#8220;on|tablet&#8220; text_font_size_tablet=&#8220;18px&#8220; text_font_size_phone=&#8220;22px&#8220; text_font_size_last_edited=&#8220;on|tablet&#8220; text_orientation_tablet=&#8220;center&#8220; text_orientation_phone=&#8220;center&#8220; text_orientation_last_edited=&#8220;on|tablet&#8220; global_colors_info=&#8220;{}&#8220;]<\/p>\n<p>F\u00dcR DAS GEF\u00dcHL DER FREIHEIT!<\/p>\n<p>[\/et_pb_text][\/et_pb_column][et_pb_column type=&#8220;1_3&#8243; _builder_version=&#8220;4.20.2&#8243; _module_preset=&#8220;default&#8220; background_color=&#8220;#FFFEF1&#8243; custom_padding=&#8220;25px|25px|25px|25px|true|true&#8220; border_radii=&#8220;on|10px|10px|10px|10px&#8220; global_colors_info=&#8220;{}&#8220;][et_pb_image src=&#8220;https:\/\/johannisstein.eu\/wp-content\/uploads\/2023\/03\/janske-kameny-logo-03.svg&#8220; title_text=&#8220;janske-kameny-logo-03&#8243; align=&#8220;center&#8220; _builder_version=&#8220;4.20.2&#8243; _module_preset=&#8220;default&#8220; width=&#8220;185px&#8220; width_tablet=&#8220;150px&#8220; width_phone=&#8220;150px&#8220; width_last_edited=&#8220;on|tablet&#8220; custom_margin=&#8220;||5vh||false|false&#8220; custom_margin_tablet=&#8220;5vh||5vh||false|false&#8220; custom_margin_phone=&#8220;5vh||5vh||false|false&#8220; custom_margin_last_edited=&#8220;on|tablet&#8220; global_colors_info=&#8220;{}&#8220;][\/et_pb_image][et_pb_text _builder_version=&#8220;4.20.4&#8243; _module_preset=&#8220;default&#8220; text_font=&#8220;|700||on|||||&#8220; text_text_color=&#8220;#818B35&#8243; text_font_size=&#8220;18px&#8220; text_orientation=&#8220;center&#8220; custom_margin=&#8220;||15px||false|false&#8220; text_font_size_tablet=&#8220;15px&#8220; text_font_size_phone=&#8220;15px&#8220; text_font_size_last_edited=&#8220;on|tablet&#8220; global_colors_info=&#8220;{}&#8220;]<\/p>\n<p>Anfrage<\/p>\n<p>[\/et_pb_text][et_pb_contact_form use_spam_service=&#8220;on&#8220; recaptcha_list=&#8220;Default|Default-0&#8243; success_message=&#8220;Die Anfrage wurde erfolgreich gesendet.&#8220; submit_button_text=&#8220;Absenden&#8220; _builder_version=&#8220;4.20.4&#8243; _module_preset=&#8220;default&#8220; _unique_id=&#8220;713d73c2-ed6a-480b-ad68-d35c957d55a2&#8243; form_field_background_color=&#8220;#FFFFFF&#8220; custom_button=&#8220;on&#8220; button_text_size=&#8220;13px&#8220; button_text_color=&#8220;#FFFFFF&#8220; button_bg_color=&#8220;#818B35&#8243; button_border_width=&#8220;0px&#8220; button_border_color=&#8220;#818B35&#8243; button_border_radius=&#8220;10px&#8220; button_font=&#8220;|||on|||||&#8220; custom_margin=&#8220;||5vh||false|false&#8220; custom_css_contact_fields=&#8220;padding:10px&#8220; border_radii=&#8220;on|10px|10px|10px|10px&#8220; border_width_all=&#8220;2px&#8220; border_color_all=&#8220;#818B35&#8243; saved_tabs=&#8220;all&#8220; global_colors_info=&#8220;{}&#8220; global_module=&#8220;704&#8243; theme_builder_area=&#8220;post_content&#8220;][et_pb_contact_field field_id=&#8220;Name&#8220; field_title=&#8220;Vor- und Nachname&#8220; fullwidth_field=&#8220;on&#8220; _builder_version=&#8220;4.20.4&#8243; global_colors_info=&#8220;{}&#8220; button_text_size__hover_enabled=&#8220;off&#8220; button_one_text_size__hover_enabled=&#8220;off&#8220; button_two_text_size__hover_enabled=&#8220;off&#8220; button_text_color__hover_enabled=&#8220;off&#8220; button_one_text_color__hover_enabled=&#8220;off&#8220; button_two_text_color__hover_enabled=&#8220;off&#8220; button_border_width__hover_enabled=&#8220;off&#8220; button_one_border_width__hover_enabled=&#8220;off&#8220; button_two_border_width__hover_enabled=&#8220;off&#8220; button_border_color__hover_enabled=&#8220;off&#8220; button_one_border_color__hover_enabled=&#8220;off&#8220; button_two_border_color__hover_enabled=&#8220;off&#8220; button_border_radius__hover_enabled=&#8220;off&#8220; button_one_border_radius__hover_enabled=&#8220;off&#8220; button_two_border_radius__hover_enabled=&#8220;off&#8220; button_letter_spacing__hover_enabled=&#8220;off&#8220; button_one_letter_spacing__hover_enabled=&#8220;off&#8220; button_two_letter_spacing__hover_enabled=&#8220;off&#8220; button_bg_color__hover_enabled=&#8220;off&#8220; button_one_bg_color__hover_enabled=&#8220;off&#8220; button_two_bg_color__hover_enabled=&#8220;off&#8220; theme_builder_area=&#8220;post_content&#8220;][\/et_pb_contact_field][et_pb_contact_field field_id=&#8220;Email&#8220; field_title=&#8220;Ihre E-mail&#8220; field_type=&#8220;email&#8220; fullwidth_field=&#8220;on&#8220; _builder_version=&#8220;4.20.4&#8243; global_colors_info=&#8220;{}&#8220; button_text_size__hover_enabled=&#8220;off&#8220; button_one_text_size__hover_enabled=&#8220;off&#8220; button_two_text_size__hover_enabled=&#8220;off&#8220; button_text_color__hover_enabled=&#8220;off&#8220; button_one_text_color__hover_enabled=&#8220;off&#8220; button_two_text_color__hover_enabled=&#8220;off&#8220; button_border_width__hover_enabled=&#8220;off&#8220; button_one_border_width__hover_enabled=&#8220;off&#8220; button_two_border_width__hover_enabled=&#8220;off&#8220; button_border_color__hover_enabled=&#8220;off&#8220; button_one_border_color__hover_enabled=&#8220;off&#8220; button_two_border_color__hover_enabled=&#8220;off&#8220; button_border_radius__hover_enabled=&#8220;off&#8220; button_one_border_radius__hover_enabled=&#8220;off&#8220; button_two_border_radius__hover_enabled=&#8220;off&#8220; button_letter_spacing__hover_enabled=&#8220;off&#8220; button_one_letter_spacing__hover_enabled=&#8220;off&#8220; button_two_letter_spacing__hover_enabled=&#8220;off&#8220; button_bg_color__hover_enabled=&#8220;off&#8220; button_one_bg_color__hover_enabled=&#8220;off&#8220; button_two_bg_color__hover_enabled=&#8220;off&#8220; theme_builder_area=&#8220;post_content&#8220;][\/et_pb_contact_field][et_pb_contact_field field_id=&#8220;Telefon&#8220; field_title=&#8220;Telefon&#8220; fullwidth_field=&#8220;on&#8220; _builder_version=&#8220;4.20.4&#8243; _module_preset=&#8220;default&#8220; global_colors_info=&#8220;{}&#8220; theme_builder_area=&#8220;post_content&#8220;][\/et_pb_contact_field][et_pb_contact_field field_id=&#8220;Apartman&#8220; field_title=&#8220;W\u00e4hlen Sie ein Apartment&#8220; field_type=&#8220;select&#8220; select_options=&#8220;%91{%22value%22:%22Lausche%22,%22checked%22:0,%22dragID%22:-1},{%22value%22:%22Hochwald%22,%22checked%22:0,%22dragID%22:0},{%22value%22:%22Johannisstein%22,%22checked%22:0,%22dragID%22:1}%93&#8243; fullwidth_field=&#8220;on&#8220; _builder_version=&#8220;4.20.4&#8243; _module_preset=&#8220;default&#8220; global_colors_info=&#8220;{}&#8220; theme_builder_area=&#8220;post_content&#8220;][\/et_pb_contact_field][et_pb_contact_field field_id=&#8220;Pocetosob&#8220; field_title=&#8220;Anzahl der Personen&#8220; allowed_symbols=&#8220;numbers&#8220; fullwidth_field=&#8220;on&#8220; _builder_version=&#8220;4.20.4&#8243; _module_preset=&#8220;default&#8220; global_colors_info=&#8220;{}&#8220; theme_builder_area=&#8220;post_content&#8220;][\/et_pb_contact_field][et_pb_contact_field field_id=&#8220;datumPrijezdu&#8220; field_title=&#8220;Ankunftsdatum&#8220; fullwidth_field=&#8220;on&#8220; _builder_version=&#8220;4.20.4&#8243; _module_preset=&#8220;default&#8220; use_datetime=&#8220;on&#8220; datetime_format=&#8220;F j, Y_dt_H:i&#8220; datetime_week_start=&#8220;Monday&#8220; global_colors_info=&#8220;{}&#8220; theme_builder_area=&#8220;post_content&#8220;][\/et_pb_contact_field][et_pb_contact_field field_id=&#8220;datumOdjezdu&#8220; field_title=&#8220;Abfahrtsdatum&#8220; fullwidth_field=&#8220;on&#8220; _builder_version=&#8220;4.20.4&#8243; _module_preset=&#8220;default&#8220; use_datetime=&#8220;on&#8220; datetime_format=&#8220;F j, Y_dt_H:i&#8220; datetime_week_start=&#8220;Monday&#8220; global_colors_info=&#8220;{}&#8220; theme_builder_area=&#8220;post_content&#8220;][\/et_pb_contact_field][\/et_pb_contact_form][et_pb_text _builder_version=&#8220;4.20.2&#8243; _module_preset=&#8220;default&#8220; text_font=&#8220;|700||on|||||&#8220; text_text_color=&#8220;#818B35&#8243; text_font_size=&#8220;18px&#8220; text_orientation=&#8220;center&#8220; custom_margin=&#8220;||15px||false|false&#8220; text_font_size_tablet=&#8220;15px&#8220; text_font_size_phone=&#8220;15px&#8220; text_font_size_last_edited=&#8220;on|tablet&#8220; global_colors_info=&#8220;{}&#8220;]<\/p>\n<p>Apartments<\/p>\n<p>[\/et_pb_text][et_pb_text _builder_version=&#8220;4.21.0&#8243; _dynamic_attributes=&#8220;link_option_url&#8220; _module_preset=&#8220;default&#8220; text_font=&#8220;|||on|||||&#8220; text_text_color=&#8220;#FFFFFF&#8220; text_font_size=&#8220;13px&#8220; text_letter_spacing=&#8220;1px&#8220; text_line_height=&#8220;1em&#8220; background_color=&#8220;#818B35&#8243; text_orientation=&#8220;center&#8220; custom_margin=&#8220;||10px||false|false&#8220; custom_padding=&#8220;15px||15px||true|false&#8220; link_option_url=&#8220;@ET-DC@eyJkeW5hbWljIjp0cnVlLCJjb250ZW50IjoicG9zdF9saW5rX3VybF9wYWdlIiwic2V0dGluZ3MiOnsicG9zdF9pZCI6IjE0NCJ9fQ==@&#8220; hover_enabled=&#8220;0&#8243; text_font_size_tablet=&#8220;11px&#8220; text_font_size_phone=&#8220;11px&#8220; text_font_size_last_edited=&#8220;on|tablet&#8220; border_radii=&#8220;on|5px|5px|5px|5px&#8220; global_colors_info=&#8220;{}&#8220; background__hover_enabled=&#8220;on|hover&#8220; background_color__hover=&#8220;#a7b242&#8243; background_enable_color__hover=&#8220;on&#8220; sticky_enabled=&#8220;0&#8243;]<\/p>\n<p>Lausche<\/p>\n<p>[\/et_pb_text][et_pb_text _builder_version=&#8220;4.20.2&#8243; _dynamic_attributes=&#8220;link_option_url&#8220; _module_preset=&#8220;default&#8220; text_font=&#8220;|||on|||||&#8220; text_text_color=&#8220;#FFFFFF&#8220; text_font_size=&#8220;13px&#8220; text_letter_spacing=&#8220;1px&#8220; text_line_height=&#8220;1em&#8220; background_color=&#8220;#818B35&#8243; text_orientation=&#8220;center&#8220; custom_margin=&#8220;||10px||false|false&#8220; custom_padding=&#8220;15px||15px||true|false&#8220; link_option_url=&#8220;@ET-DC@eyJkeW5hbWljIjp0cnVlLCJjb250ZW50IjoicG9zdF9saW5rX3VybF9wYWdlIiwic2V0dGluZ3MiOnsicG9zdF9pZCI6IjE2MCJ9fQ==@&#8220; text_font_size_tablet=&#8220;11px&#8220; text_font_size_phone=&#8220;11px&#8220; text_font_size_last_edited=&#8220;on|tablet&#8220; border_radii=&#8220;on|5px|5px|5px|5px&#8220; global_colors_info=&#8220;{}&#8220; background__hover_enabled=&#8220;on|hover&#8220; background_color__hover=&#8220;#a7b242&#8243; background_enable_color__hover=&#8220;on&#8220;]<\/p>\n<p>Hochwald<\/p>\n<p>[\/et_pb_text][et_pb_text _builder_version=&#8220;4.20.2&#8243; _dynamic_attributes=&#8220;link_option_url&#8220; _module_preset=&#8220;default&#8220; text_font=&#8220;|||on|||||&#8220; text_text_color=&#8220;#FFFFFF&#8220; text_font_size=&#8220;13px&#8220; text_letter_spacing=&#8220;1px&#8220; text_line_height=&#8220;1em&#8220; background_color=&#8220;#818B35&#8243; text_orientation=&#8220;center&#8220; custom_margin=&#8220;||10px||false|false&#8220; custom_padding=&#8220;15px||15px||true|false&#8220; link_option_url=&#8220;@ET-DC@eyJkeW5hbWljIjp0cnVlLCJjb250ZW50IjoicG9zdF9saW5rX3VybF9wYWdlIiwic2V0dGluZ3MiOnsicG9zdF9pZCI6IjE2OSJ9fQ==@&#8220; text_font_size_tablet=&#8220;11px&#8220; text_font_size_phone=&#8220;11px&#8220; text_font_size_last_edited=&#8220;on|tablet&#8220; border_radii=&#8220;on|5px|5px|5px|5px&#8220; global_colors_info=&#8220;{}&#8220; background__hover_enabled=&#8220;on|hover&#8220; background_color__hover=&#8220;#a7b242&#8243; background_enable_color__hover=&#8220;on&#8220;]<\/p>\n<p>Johannisstein<\/p>\n<p>[\/et_pb_text][et_pb_text _builder_version=&#8220;4.20.2&#8243; _dynamic_attributes=&#8220;link_option_url&#8220; _module_preset=&#8220;default&#8220; text_font=&#8220;|||on|||||&#8220; text_text_color=&#8220;#FFFFFF&#8220; text_font_size=&#8220;13px&#8220; text_letter_spacing=&#8220;1px&#8220; text_line_height=&#8220;1em&#8220; background_color=&#8220;#818B35&#8243; text_orientation=&#8220;center&#8220; custom_margin=&#8220;||6vh||false|false&#8220; custom_padding=&#8220;15px||15px||true|false&#8220; link_option_url=&#8220;@ET-DC@eyJkeW5hbWljIjp0cnVlLCJjb250ZW50IjoicG9zdF9saW5rX3VybF9wYWdlIiwic2V0dGluZ3MiOnsicG9zdF9pZCI6IjIxOCJ9fQ==@&#8220; text_font_size_tablet=&#8220;11px&#8220; text_font_size_phone=&#8220;11px&#8220; text_font_size_last_edited=&#8220;on|tablet&#8220; border_radii=&#8220;on|5px|5px|5px|5px&#8220; global_colors_info=&#8220;{}&#8220; background__hover_enabled=&#8220;on|hover&#8220; background_color__hover=&#8220;#a7b242&#8243; background_enable_color__hover=&#8220;on&#8220;]<\/p>\n<p>Preisliste<\/p>\n<p>[\/et_pb_text][et_pb_image src=&#8220;https:\/\/johannisstein.eu\/wp-content\/uploads\/2023\/03\/janske-kameny-kralovstvi-tichych-rozhledu.svg&#8220; title_text=&#8220;janske-kameny-kralovstvi-tichych-rozhledu&#8220; align=&#8220;center&#8220; _builder_version=&#8220;4.20.2&#8243; _module_preset=&#8220;default&#8220; width=&#8220;200px&#8220; width_tablet=&#8220;150px&#8220; width_phone=&#8220;150px&#8220; width_last_edited=&#8220;on|tablet&#8220; custom_margin=&#8220;||5vh||false|false&#8220; global_colors_info=&#8220;{}&#8220;][\/et_pb_image][\/et_pb_column][\/et_pb_row][\/et_pb_section]<\/p>\n","protected":false},"excerpt":{"rendered":"<p>Raum ohne GrenzenUnsere Gegend ist ein Ort der Begegnung. Hier sto\u00dfen nicht nur die Grenzen Tschechiens, Deutschlands und Polens und die Br\u00e4uche und Traditionen dreier V\u00f6lker aufeinander, sondern auch die Geschichte und die Gegenwart. Die offene Staatsgrenze erlaubt Ihnen heute freie Bewegung \u2013 wann immer und wo immer Sie wollen. Egal, ob Sie das \u201eLausitzer\u201c [&hellip;]<\/p>\n","protected":false},"author":1,"featured_media":0,"parent":0,"menu_order":0,"comment_status":"closed","ping_status":"closed","template":"","meta":{"_et_pb_use_builder":"on","_et_pb_old_content":"","_et_gb_content_width":"","inline_featured_image":false,"footnotes":""},"class_list":["post-569","page","type-page","status-publish","hentry"],"yoast_head":"<!-- This site is optimized with the Yoast SEO plugin v27.6 - https:\/\/yoast.com\/product\/yoast-seo-wordpress\/ -->\n<title>Raum ohne Grenzen - J\u00e1nsk\u00e9 kameny<\/title>\n<meta name=\"robots\" content=\"index, follow, max-snippet:-1, max-image-preview:large, max-video-preview:-1\" \/>\n<link rel=\"canonical\" href=\"https:\/\/johannisstein.eu\/de\/raum-ohne-grenzen\/\" \/>\n<meta property=\"og:locale\" content=\"de_DE\" \/>\n<meta property=\"og:type\" content=\"article\" \/>\n<meta property=\"og:title\" content=\"Raum ohne Grenzen - J\u00e1nsk\u00e9 kameny\" \/>\n<meta property=\"og:description\" content=\"Raum ohne GrenzenUnsere Gegend ist ein Ort der Begegnung. Hier sto\u00dfen nicht nur die Grenzen Tschechiens, Deutschlands und Polens und die Br\u00e4uche und Traditionen dreier V\u00f6lker aufeinander, sondern auch die Geschichte und die Gegenwart. Die offene Staatsgrenze erlaubt Ihnen heute freie Bewegung \u2013 wann immer und wo immer Sie wollen. Egal, ob Sie das \u201eLausitzer\u201c [&hellip;]\" \/>\n<meta property=\"og:url\" content=\"https:\/\/johannisstein.eu\/de\/raum-ohne-grenzen\/\" \/>\n<meta property=\"og:site_name\" content=\"J\u00e1nsk\u00e9 kameny\" \/>\n<meta property=\"article:publisher\" content=\"https:\/\/www.facebook.com\/profile.php?id=100010641100769\" \/>\n<meta property=\"article:modified_time\" content=\"2023-05-31T06:41:39+00:00\" \/>\n<meta name=\"twitter:card\" content=\"summary_large_image\" \/>\n<meta name=\"twitter:label1\" content=\"Gesch\u00e4tzte Lesezeit\" \/>\n\t<meta name=\"twitter:data1\" content=\"10\u00a0Minuten\" \/>\n<script type=\"application\/ld+json\" class=\"yoast-schema-graph\">{\"@context\":\"https:\\\/\\\/schema.org\",\"@graph\":[{\"@type\":\"WebPage\",\"@id\":\"https:\\\/\\\/johannisstein.eu\\\/de\\\/raum-ohne-grenzen\\\/\",\"url\":\"https:\\\/\\\/johannisstein.eu\\\/de\\\/raum-ohne-grenzen\\\/\",\"name\":\"Raum ohne Grenzen - J\u00e1nsk\u00e9 kameny\",\"isPartOf\":{\"@id\":\"https:\\\/\\\/johannisstein.eu\\\/#website\"},\"datePublished\":\"2023-03-29T10:35:54+00:00\",\"dateModified\":\"2023-05-31T06:41:39+00:00\",\"breadcrumb\":{\"@id\":\"https:\\\/\\\/johannisstein.eu\\\/de\\\/raum-ohne-grenzen\\\/#breadcrumb\"},\"inLanguage\":\"de\",\"potentialAction\":[{\"@type\":\"ReadAction\",\"target\":[\"https:\\\/\\\/johannisstein.eu\\\/de\\\/raum-ohne-grenzen\\\/\"]}]},{\"@type\":\"BreadcrumbList\",\"@id\":\"https:\\\/\\\/johannisstein.eu\\\/de\\\/raum-ohne-grenzen\\\/#breadcrumb\",\"itemListElement\":[{\"@type\":\"ListItem\",\"position\":1,\"name\":\"Dom\u016f\",\"item\":\"https:\\\/\\\/johannisstein.eu\\\/de\\\/home-2\\\/\"},{\"@type\":\"ListItem\",\"position\":2,\"name\":\"Raum ohne Grenzen\"}]},{\"@type\":\"WebSite\",\"@id\":\"https:\\\/\\\/johannisstein.eu\\\/#website\",\"url\":\"https:\\\/\\\/johannisstein.eu\\\/\",\"name\":\"J\u00e1nsk\u00e9 kameny\",\"description\":\"Ubytov\u00e1n\u00ed v Lu\u017eick\u00fdch hor\u00e1ch\",\"publisher\":{\"@id\":\"https:\\\/\\\/johannisstein.eu\\\/#organization\"},\"potentialAction\":[{\"@type\":\"SearchAction\",\"target\":{\"@type\":\"EntryPoint\",\"urlTemplate\":\"https:\\\/\\\/johannisstein.eu\\\/?s={search_term_string}\"},\"query-input\":{\"@type\":\"PropertyValueSpecification\",\"valueRequired\":true,\"valueName\":\"search_term_string\"}}],\"inLanguage\":\"de\"},{\"@type\":\"Organization\",\"@id\":\"https:\\\/\\\/johannisstein.eu\\\/#organization\",\"name\":\"J\u00e1nsk\u00e9 kameny\",\"url\":\"https:\\\/\\\/johannisstein.eu\\\/\",\"logo\":{\"@type\":\"ImageObject\",\"inLanguage\":\"de\",\"@id\":\"https:\\\/\\\/johannisstein.eu\\\/#\\\/schema\\\/logo\\\/image\\\/\",\"url\":\"https:\\\/\\\/johannisstein.eu\\\/wp-content\\\/uploads\\\/2023\\\/03\\\/janske-kameny_logo.svg\",\"contentUrl\":\"https:\\\/\\\/johannisstein.eu\\\/wp-content\\\/uploads\\\/2023\\\/03\\\/janske-kameny_logo.svg\",\"width\":\"1024\",\"height\":\"1024\",\"caption\":\"J\u00e1nsk\u00e9 kameny\"},\"image\":{\"@id\":\"https:\\\/\\\/johannisstein.eu\\\/#\\\/schema\\\/logo\\\/image\\\/\"},\"sameAs\":[\"https:\\\/\\\/www.facebook.com\\\/profile.php?id=100010641100769\"]}]}<\/script>\n<!-- \/ Yoast SEO plugin. -->","yoast_head_json":{"title":"Raum ohne Grenzen - J\u00e1nsk\u00e9 kameny","robots":{"index":"index","follow":"follow","max-snippet":"max-snippet:-1","max-image-preview":"max-image-preview:large","max-video-preview":"max-video-preview:-1"},"canonical":"https:\/\/johannisstein.eu\/de\/raum-ohne-grenzen\/","og_locale":"de_DE","og_type":"article","og_title":"Raum ohne Grenzen - J\u00e1nsk\u00e9 kameny","og_description":"Raum ohne GrenzenUnsere Gegend ist ein Ort der Begegnung. Hier sto\u00dfen nicht nur die Grenzen Tschechiens, Deutschlands und Polens und die Br\u00e4uche und Traditionen dreier V\u00f6lker aufeinander, sondern auch die Geschichte und die Gegenwart. Die offene Staatsgrenze erlaubt Ihnen heute freie Bewegung \u2013 wann immer und wo immer Sie wollen. Egal, ob Sie das \u201eLausitzer\u201c [&hellip;]","og_url":"https:\/\/johannisstein.eu\/de\/raum-ohne-grenzen\/","og_site_name":"J\u00e1nsk\u00e9 kameny","article_publisher":"https:\/\/www.facebook.com\/profile.php?id=100010641100769","article_modified_time":"2023-05-31T06:41:39+00:00","twitter_card":"summary_large_image","twitter_misc":{"Gesch\u00e4tzte Lesezeit":"10\u00a0Minuten"},"schema":{"@context":"https:\/\/schema.org","@graph":[{"@type":"WebPage","@id":"https:\/\/johannisstein.eu\/de\/raum-ohne-grenzen\/","url":"https:\/\/johannisstein.eu\/de\/raum-ohne-grenzen\/","name":"Raum ohne Grenzen - J\u00e1nsk\u00e9 kameny","isPartOf":{"@id":"https:\/\/johannisstein.eu\/#website"},"datePublished":"2023-03-29T10:35:54+00:00","dateModified":"2023-05-31T06:41:39+00:00","breadcrumb":{"@id":"https:\/\/johannisstein.eu\/de\/raum-ohne-grenzen\/#breadcrumb"},"inLanguage":"de","potentialAction":[{"@type":"ReadAction","target":["https:\/\/johannisstein.eu\/de\/raum-ohne-grenzen\/"]}]},{"@type":"BreadcrumbList","@id":"https:\/\/johannisstein.eu\/de\/raum-ohne-grenzen\/#breadcrumb","itemListElement":[{"@type":"ListItem","position":1,"name":"Dom\u016f","item":"https:\/\/johannisstein.eu\/de\/home-2\/"},{"@type":"ListItem","position":2,"name":"Raum ohne Grenzen"}]},{"@type":"WebSite","@id":"https:\/\/johannisstein.eu\/#website","url":"https:\/\/johannisstein.eu\/","name":"J\u00e1nsk\u00e9 kameny","description":"Ubytov\u00e1n\u00ed v Lu\u017eick\u00fdch hor\u00e1ch","publisher":{"@id":"https:\/\/johannisstein.eu\/#organization"},"potentialAction":[{"@type":"SearchAction","target":{"@type":"EntryPoint","urlTemplate":"https:\/\/johannisstein.eu\/?s={search_term_string}"},"query-input":{"@type":"PropertyValueSpecification","valueRequired":true,"valueName":"search_term_string"}}],"inLanguage":"de"},{"@type":"Organization","@id":"https:\/\/johannisstein.eu\/#organization","name":"J\u00e1nsk\u00e9 kameny","url":"https:\/\/johannisstein.eu\/","logo":{"@type":"ImageObject","inLanguage":"de","@id":"https:\/\/johannisstein.eu\/#\/schema\/logo\/image\/","url":"https:\/\/johannisstein.eu\/wp-content\/uploads\/2023\/03\/janske-kameny_logo.svg","contentUrl":"https:\/\/johannisstein.eu\/wp-content\/uploads\/2023\/03\/janske-kameny_logo.svg","width":"1024","height":"1024","caption":"J\u00e1nsk\u00e9 kameny"},"image":{"@id":"https:\/\/johannisstein.eu\/#\/schema\/logo\/image\/"},"sameAs":["https:\/\/www.facebook.com\/profile.php?id=100010641100769"]}]}},"_links":{"self":[{"href":"https:\/\/johannisstein.eu\/de\/wp-json\/wp\/v2\/pages\/569","targetHints":{"allow":["GET"]}}],"collection":[{"href":"https:\/\/johannisstein.eu\/de\/wp-json\/wp\/v2\/pages"}],"about":[{"href":"https:\/\/johannisstein.eu\/de\/wp-json\/wp\/v2\/types\/page"}],"author":[{"embeddable":true,"href":"https:\/\/johannisstein.eu\/de\/wp-json\/wp\/v2\/users\/1"}],"replies":[{"embeddable":true,"href":"https:\/\/johannisstein.eu\/de\/wp-json\/wp\/v2\/comments?post=569"}],"version-history":[{"count":6,"href":"https:\/\/johannisstein.eu\/de\/wp-json\/wp\/v2\/pages\/569\/revisions"}],"predecessor-version":[{"id":758,"href":"https:\/\/johannisstein.eu\/de\/wp-json\/wp\/v2\/pages\/569\/revisions\/758"}],"wp:attachment":[{"href":"https:\/\/johannisstein.eu\/de\/wp-json\/wp\/v2\/media?parent=569"}],"curies":[{"name":"wp","href":"https:\/\/api.w.org\/{rel}","templated":true}]}}