{"id":530,"date":"2023-03-29T11:57:11","date_gmt":"2023-03-29T09:57:11","guid":{"rendered":"https:\/\/johannisstein.eu\/verein\/"},"modified":"2023-05-31T08:51:12","modified_gmt":"2023-05-31T06:51:12","slug":"verein","status":"publish","type":"page","link":"https:\/\/johannisstein.eu\/de\/verein\/","title":{"rendered":"Verein"},"content":{"rendered":"<p>[et_pb_section fb_built=&#8220;1&#8243; custom_padding_last_edited=&#8220;on|tablet&#8220; _builder_version=&#8220;4.20.2&#8243; _module_preset=&#8220;default&#8220; background_color=&#8220;RGBA(255,255,255,0)&#8220; background_enable_image=&#8220;off&#8220; background_blend=&#8220;multiply&#8220; custom_padding=&#8220;8vh||8vh||true|false&#8220; custom_padding_tablet=&#8220;4vh||4vh||true|false&#8220; custom_padding_phone=&#8220;4vh||4vh||true|false&#8220; global_colors_info=&#8220;{}&#8220;][et_pb_row column_structure=&#8220;2_3,1_3&#8243; _builder_version=&#8220;4.20.2&#8243; _module_preset=&#8220;default&#8220; background_color=&#8220;rgba(255,254,241,0.7)&#8220; width=&#8220;90%&#8220; custom_padding=&#8220;25px|25px|25px|25px|true|true&#8220; border_radii=&#8220;on|10px|10px|10px|10px&#8220; global_colors_info=&#8220;{}&#8220;][et_pb_column type=&#8220;2_3&#8243; _builder_version=&#8220;4.20.2&#8243; _module_preset=&#8220;default&#8220; custom_padding=&#8220;5vh|25px|5vh|25px|false|true&#8220; custom_padding_tablet=&#8220;2vh|0px|2vh|0px|false|true&#8220; custom_padding_phone=&#8220;2vh|0px||0px|false|true&#8220; custom_padding_last_edited=&#8220;on|tablet&#8220; global_colors_info=&#8220;{}&#8220;][et_pb_text _builder_version=&#8220;4.20.2&#8243; _module_preset=&#8220;default&#8220; header_font=&#8220;|300|||||||&#8220; header_text_color=&#8220;#202020&#8243; header_font_size=&#8220;48px&#8220; header_line_height=&#8220;1.3em&#8220; header_text_align_tablet=&#8220;center&#8220; header_text_align_phone=&#8220;center&#8220; header_text_align_last_edited=&#8220;on|tablet&#8220; header_font_size_tablet=&#8220;32px&#8220; header_font_size_phone=&#8220;32px&#8220; header_font_size_last_edited=&#8220;on|tablet&#8220; global_colors_info=&#8220;{}&#8220;]<\/p>\n<h1>Verein<\/h1>\n<p>[\/et_pb_text][et_pb_text _builder_version=&#8220;4.20.2&#8243; _module_preset=&#8220;default&#8220; text_text_color=&#8220;#202020&#8243; custom_margin=&#8220;||5vh||false|false&#8220; text_font_size_tablet=&#8220;14px&#8220; text_font_size_phone=&#8220;14px&#8220; text_font_size_last_edited=&#8220;on|tablet&#8220; text_orientation_tablet=&#8220;center&#8220; text_orientation_phone=&#8220;center&#8220; text_orientation_last_edited=&#8220;on|tablet&#8220; global_colors_info=&#8220;{}&#8220;]<\/p>\n<p><span>Alles, was wir tun, tun wir freiwillig und in unserer Freizeit. Wir bem\u00fchen uns, aktiv dazu beizutragen, dass die Region des Zittauer\/Lausitzer Gebirges ein guter Platz zum Leben, gleichzeitig aber auch ein interessanter und anziehender Ort f\u00fcr seine Besucher ist.<\/span><\/p>\n<p><strong><\/strong><\/p>\n<p><strong>F\u00fcr die finanzielle Unterst\u00fctzung unserer Projekte danken wir<\/strong>:<\/p>\n<p>LSG Lu\u017eick\u00e9 hory, dem Klub Tschechischer Touristen, dem Staatlichen Umweltfonds, der Region Liberec, dem Tschechischen Kulturministerium, EU-Fonds, der Gemeinde Krompach, Sponsoren und Spendern.<\/p>\n<p>[\/et_pb_text][et_pb_text _builder_version=&#8220;4.20.2&#8243; _module_preset=&#8220;default&#8220; text_font=&#8220;|||on|||||&#8220; text_text_color=&#8220;#808000&#8243; text_font_size=&#8220;30px&#8220; custom_margin_tablet=&#8220;||3vh||false|false&#8220; custom_margin_phone=&#8220;||3vh||false|false&#8220; custom_margin_last_edited=&#8220;on|tablet&#8220; text_font_size_tablet=&#8220;18px&#8220; text_font_size_phone=&#8220;22px&#8220; text_font_size_last_edited=&#8220;on|tablet&#8220; text_orientation_tablet=&#8220;center&#8220; text_orientation_phone=&#8220;center&#8220; text_orientation_last_edited=&#8220;on|tablet&#8220; global_colors_info=&#8220;{}&#8220;]<\/p>\n<p>Eine Auswahl unserer Projekte:<\/p>\n<p>[\/et_pb_text][et_pb_text _builder_version=&#8220;4.20.2&#8243; _module_preset=&#8220;default&#8220; text_text_color=&#8220;#202020&#8243; custom_margin=&#8220;||0vh||false|false&#8220; text_font_size_tablet=&#8220;14px&#8220; text_font_size_phone=&#8220;14px&#8220; text_font_size_last_edited=&#8220;on|tablet&#8220; text_orientation_tablet=&#8220;center&#8220; text_orientation_phone=&#8220;center&#8220; text_orientation_last_edited=&#8220;on|tablet&#8220; global_colors_info=&#8220;{}&#8220;]<\/p>\n<p><strong>Wiederherstellung der Felsenaussicht Johannisstein und Errichtung des gleichnamigen Lehrpfades<\/strong><\/p>\n<p>Das langj\u00e4hrige, ab 2006 etappenweise umgesetzte Projekt wurde 2014 mit der Wiederherstellung der Felsenaussicht Johannistein gekr\u00f6nt. Teil der Umsetzung war die Verkn\u00fcpfung des Lehrpfades mit der internationalen Wanderroute E3. Der Lehrpfad hat insgesamt 11 Stationen, die thematisch der Flora, Fauna und Geologie des Zittauer\/Lausitzer Gebirges gewidmet sind.<\/p>\n<p><strong><\/strong><\/p>\n<p><strong>Ingangsetzung der Glocke in der \u201eKirche der Heiligen Vierzehn Nothelfer\u201c in Krompach<\/strong><\/p>\n<p>Durch eine \u00f6ffentliche Sammlung wurden die finanziellen Mittel zur Beschaffung einer L\u00e4utewerk zusammengebracht. Nach einem Blitzschlag 2011 musste die komplette Elektroinstallation erneut ausgewechselt werden.<\/p>\n<p><span><\/span><\/p>\n<p><span><\/span><strong>Dachreparatur an der \u201eKirche der Heiligen Vierzehn Nothelfer\u201c in Krompach<\/strong><\/p>\n<p>Ein langwieriges Projekt, das seit 2012 umgesetzt wird. Schrittweise Rekonstruktion aller Holzkonstruktionen des Dachstuhls und Turmes, neue Dacheindeckung, Restaurierung der Decke.<\/p>\n<p><span><\/span><\/p>\n<p><strong>sportlich-touristische \u201eHochwaldrunde\u201c<\/strong><\/p>\n<p>Wiederherstellung des Grenzrundweges rund um den Berg Hochwald, der durch die historischen Ereignisse nach dem Zweiten Weltkrieg unterbrochen wurde. Heute eine beliebte Wander- und Radroute, winters wiederum eine pr\u00e4parierte Loipe f\u00fcr Skilangl\u00e4ufer.<\/p>\n<p>[\/et_pb_text][\/et_pb_column][et_pb_column type=&#8220;1_3&#8243; _builder_version=&#8220;4.20.2&#8243; _module_preset=&#8220;default&#8220; background_color=&#8220;#FFFEF1&#8243; custom_padding=&#8220;25px|25px|25px|25px|true|true&#8220; border_radii=&#8220;on|10px|10px|10px|10px&#8220; global_colors_info=&#8220;{}&#8220;][et_pb_image src=&#8220;https:\/\/johannisstein.eu\/wp-content\/uploads\/2023\/03\/janske-kameny-logo-03.svg&#8220; title_text=&#8220;janske-kameny-logo-03&#8243; align=&#8220;center&#8220; _builder_version=&#8220;4.20.2&#8243; _module_preset=&#8220;default&#8220; width=&#8220;185px&#8220; width_tablet=&#8220;150px&#8220; width_phone=&#8220;150px&#8220; width_last_edited=&#8220;on|tablet&#8220; custom_margin=&#8220;||5vh||false|false&#8220; custom_margin_tablet=&#8220;5vh||5vh||false|false&#8220; custom_margin_phone=&#8220;5vh||5vh||false|false&#8220; custom_margin_last_edited=&#8220;on|tablet&#8220; global_colors_info=&#8220;{}&#8220;][\/et_pb_image][et_pb_text _builder_version=&#8220;4.20.4&#8243; _module_preset=&#8220;default&#8220; text_font=&#8220;|700||on|||||&#8220; text_text_color=&#8220;#818B35&#8243; text_font_size=&#8220;18px&#8220; text_orientation=&#8220;center&#8220; custom_margin=&#8220;||15px||false|false&#8220; text_font_size_tablet=&#8220;15px&#8220; text_font_size_phone=&#8220;15px&#8220; text_font_size_last_edited=&#8220;on|tablet&#8220; global_colors_info=&#8220;{}&#8220;]<\/p>\n<p>Anfrage<\/p>\n<p>[\/et_pb_text][et_pb_contact_form use_spam_service=&#8220;on&#8220; recaptcha_list=&#8220;Default|Default-0&#8243; success_message=&#8220;Die Anfrage wurde erfolgreich gesendet.&#8220; submit_button_text=&#8220;Absenden&#8220; _builder_version=&#8220;4.20.4&#8243; _module_preset=&#8220;default&#8220; _unique_id=&#8220;713d73c2-ed6a-480b-ad68-d35c957d55a2&#8243; form_field_background_color=&#8220;#FFFFFF&#8220; custom_button=&#8220;on&#8220; button_text_size=&#8220;13px&#8220; button_text_color=&#8220;#FFFFFF&#8220; button_bg_color=&#8220;#818B35&#8243; button_border_width=&#8220;0px&#8220; button_border_color=&#8220;#818B35&#8243; button_border_radius=&#8220;10px&#8220; button_font=&#8220;|||on|||||&#8220; custom_margin=&#8220;||5vh||false|false&#8220; custom_css_contact_fields=&#8220;padding:10px&#8220; border_radii=&#8220;on|10px|10px|10px|10px&#8220; border_width_all=&#8220;2px&#8220; border_color_all=&#8220;#818B35&#8243; global_module=&#8220;704&#8243; saved_tabs=&#8220;all&#8220; global_colors_info=&#8220;{}&#8220;][et_pb_contact_field field_id=&#8220;Name&#8220; field_title=&#8220;Vor- und Nachname&#8220; fullwidth_field=&#8220;on&#8220; _builder_version=&#8220;4.20.4&#8243; global_colors_info=&#8220;{}&#8220; button_text_size__hover_enabled=&#8220;off&#8220; button_one_text_size__hover_enabled=&#8220;off&#8220; button_two_text_size__hover_enabled=&#8220;off&#8220; button_text_color__hover_enabled=&#8220;off&#8220; button_one_text_color__hover_enabled=&#8220;off&#8220; button_two_text_color__hover_enabled=&#8220;off&#8220; button_border_width__hover_enabled=&#8220;off&#8220; button_one_border_width__hover_enabled=&#8220;off&#8220; button_two_border_width__hover_enabled=&#8220;off&#8220; button_border_color__hover_enabled=&#8220;off&#8220; button_one_border_color__hover_enabled=&#8220;off&#8220; button_two_border_color__hover_enabled=&#8220;off&#8220; button_border_radius__hover_enabled=&#8220;off&#8220; button_one_border_radius__hover_enabled=&#8220;off&#8220; button_two_border_radius__hover_enabled=&#8220;off&#8220; button_letter_spacing__hover_enabled=&#8220;off&#8220; button_one_letter_spacing__hover_enabled=&#8220;off&#8220; button_two_letter_spacing__hover_enabled=&#8220;off&#8220; button_bg_color__hover_enabled=&#8220;off&#8220; button_one_bg_color__hover_enabled=&#8220;off&#8220; button_two_bg_color__hover_enabled=&#8220;off&#8220;][\/et_pb_contact_field][et_pb_contact_field field_id=&#8220;Email&#8220; field_title=&#8220;Ihre E-mail&#8220; field_type=&#8220;email&#8220; fullwidth_field=&#8220;on&#8220; _builder_version=&#8220;4.20.4&#8243; global_colors_info=&#8220;{}&#8220; button_text_size__hover_enabled=&#8220;off&#8220; button_one_text_size__hover_enabled=&#8220;off&#8220; button_two_text_size__hover_enabled=&#8220;off&#8220; button_text_color__hover_enabled=&#8220;off&#8220; button_one_text_color__hover_enabled=&#8220;off&#8220; button_two_text_color__hover_enabled=&#8220;off&#8220; button_border_width__hover_enabled=&#8220;off&#8220; button_one_border_width__hover_enabled=&#8220;off&#8220; button_two_border_width__hover_enabled=&#8220;off&#8220; button_border_color__hover_enabled=&#8220;off&#8220; button_one_border_color__hover_enabled=&#8220;off&#8220; button_two_border_color__hover_enabled=&#8220;off&#8220; button_border_radius__hover_enabled=&#8220;off&#8220; button_one_border_radius__hover_enabled=&#8220;off&#8220; button_two_border_radius__hover_enabled=&#8220;off&#8220; button_letter_spacing__hover_enabled=&#8220;off&#8220; button_one_letter_spacing__hover_enabled=&#8220;off&#8220; button_two_letter_spacing__hover_enabled=&#8220;off&#8220; button_bg_color__hover_enabled=&#8220;off&#8220; button_one_bg_color__hover_enabled=&#8220;off&#8220; button_two_bg_color__hover_enabled=&#8220;off&#8220;][\/et_pb_contact_field][et_pb_contact_field field_id=&#8220;Telefon&#8220; field_title=&#8220;Telefon&#8220; fullwidth_field=&#8220;on&#8220; _builder_version=&#8220;4.20.4&#8243; _module_preset=&#8220;default&#8220; global_colors_info=&#8220;{}&#8220;][\/et_pb_contact_field][et_pb_contact_field field_id=&#8220;Apartman&#8220; field_title=&#8220;W\u00e4hlen Sie ein Apartment&#8220; field_type=&#8220;select&#8220; select_options=&#8220;%91{%22value%22:%22Lausche%22,%22checked%22:0,%22dragID%22:-1},{%22value%22:%22Hochwald%22,%22checked%22:0,%22dragID%22:0},{%22value%22:%22Johannisstein%22,%22checked%22:0,%22dragID%22:1}%93&#8243; fullwidth_field=&#8220;on&#8220; _builder_version=&#8220;4.20.4&#8243; _module_preset=&#8220;default&#8220; global_colors_info=&#8220;{}&#8220;][\/et_pb_contact_field][et_pb_contact_field field_id=&#8220;Pocetosob&#8220; field_title=&#8220;Anzahl der Personen&#8220; allowed_symbols=&#8220;numbers&#8220; fullwidth_field=&#8220;on&#8220; _builder_version=&#8220;4.20.4&#8243; _module_preset=&#8220;default&#8220; global_colors_info=&#8220;{}&#8220;][\/et_pb_contact_field][et_pb_contact_field field_id=&#8220;datumPrijezdu&#8220; field_title=&#8220;Ankunftsdatum&#8220; fullwidth_field=&#8220;on&#8220; _builder_version=&#8220;4.20.4&#8243; _module_preset=&#8220;default&#8220; use_datetime=&#8220;on&#8220; datetime_format=&#8220;F j, Y_dt_H:i&#8220; datetime_week_start=&#8220;Monday&#8220; global_colors_info=&#8220;{}&#8220;][\/et_pb_contact_field][et_pb_contact_field field_id=&#8220;datumOdjezdu&#8220; field_title=&#8220;Abfahrtsdatum&#8220; fullwidth_field=&#8220;on&#8220; _builder_version=&#8220;4.20.4&#8243; _module_preset=&#8220;default&#8220; use_datetime=&#8220;on&#8220; datetime_format=&#8220;F j, Y_dt_H:i&#8220; datetime_week_start=&#8220;Monday&#8220; global_colors_info=&#8220;{}&#8220;][\/et_pb_contact_field][\/et_pb_contact_form][et_pb_text _builder_version=&#8220;4.20.2&#8243; _module_preset=&#8220;default&#8220; text_font=&#8220;|700||on|||||&#8220; text_text_color=&#8220;#818B35&#8243; text_font_size=&#8220;18px&#8220; text_orientation=&#8220;center&#8220; custom_margin=&#8220;||15px||false|false&#8220; text_font_size_tablet=&#8220;15px&#8220; text_font_size_phone=&#8220;15px&#8220; text_font_size_last_edited=&#8220;on|tablet&#8220; global_colors_info=&#8220;{}&#8220;]<\/p>\n<p>Apartments<\/p>\n<p>[\/et_pb_text][et_pb_text _builder_version=&#8220;4.21.0&#8243; _dynamic_attributes=&#8220;link_option_url&#8220; _module_preset=&#8220;default&#8220; text_font=&#8220;|||on|||||&#8220; text_text_color=&#8220;#FFFFFF&#8220; text_font_size=&#8220;13px&#8220; text_letter_spacing=&#8220;1px&#8220; text_line_height=&#8220;1em&#8220; background_color=&#8220;#818B35&#8243; text_orientation=&#8220;center&#8220; custom_margin=&#8220;||10px||false|false&#8220; custom_padding=&#8220;15px||15px||true|false&#8220; link_option_url=&#8220;@ET-DC@eyJkeW5hbWljIjp0cnVlLCJjb250ZW50IjoicG9zdF9saW5rX3VybF9wYWdlIiwic2V0dGluZ3MiOnsicG9zdF9pZCI6IjE0NCJ9fQ==@&#8220; hover_enabled=&#8220;0&#8243; text_font_size_tablet=&#8220;11px&#8220; text_font_size_phone=&#8220;11px&#8220; text_font_size_last_edited=&#8220;on|tablet&#8220; border_radii=&#8220;on|5px|5px|5px|5px&#8220; global_colors_info=&#8220;{}&#8220; background__hover_enabled=&#8220;on|hover&#8220; background_color__hover=&#8220;#a7b242&#8243; background_enable_color__hover=&#8220;on&#8220; sticky_enabled=&#8220;0&#8243;]<\/p>\n<p>Lausche<\/p>\n<p>[\/et_pb_text][et_pb_text _builder_version=&#8220;4.20.2&#8243; _dynamic_attributes=&#8220;link_option_url&#8220; _module_preset=&#8220;default&#8220; text_font=&#8220;|||on|||||&#8220; text_text_color=&#8220;#FFFFFF&#8220; text_font_size=&#8220;13px&#8220; text_letter_spacing=&#8220;1px&#8220; text_line_height=&#8220;1em&#8220; background_color=&#8220;#818B35&#8243; text_orientation=&#8220;center&#8220; custom_margin=&#8220;||10px||false|false&#8220; custom_padding=&#8220;15px||15px||true|false&#8220; link_option_url=&#8220;@ET-DC@eyJkeW5hbWljIjp0cnVlLCJjb250ZW50IjoicG9zdF9saW5rX3VybF9wYWdlIiwic2V0dGluZ3MiOnsicG9zdF9pZCI6IjE2MCJ9fQ==@&#8220; text_font_size_tablet=&#8220;11px&#8220; text_font_size_phone=&#8220;11px&#8220; text_font_size_last_edited=&#8220;on|tablet&#8220; border_radii=&#8220;on|5px|5px|5px|5px&#8220; global_colors_info=&#8220;{}&#8220; background__hover_enabled=&#8220;on|hover&#8220; background_color__hover=&#8220;#a7b242&#8243; background_enable_color__hover=&#8220;on&#8220;]<\/p>\n<p>Hochwald<\/p>\n<p>[\/et_pb_text][et_pb_text _builder_version=&#8220;4.20.2&#8243; _dynamic_attributes=&#8220;link_option_url&#8220; _module_preset=&#8220;default&#8220; text_font=&#8220;|||on|||||&#8220; text_text_color=&#8220;#FFFFFF&#8220; text_font_size=&#8220;13px&#8220; text_letter_spacing=&#8220;1px&#8220; text_line_height=&#8220;1em&#8220; background_color=&#8220;#818B35&#8243; text_orientation=&#8220;center&#8220; custom_margin=&#8220;||10px||false|false&#8220; custom_padding=&#8220;15px||15px||true|false&#8220; link_option_url=&#8220;@ET-DC@eyJkeW5hbWljIjp0cnVlLCJjb250ZW50IjoicG9zdF9saW5rX3VybF9wYWdlIiwic2V0dGluZ3MiOnsicG9zdF9pZCI6IjE2OSJ9fQ==@&#8220; text_font_size_tablet=&#8220;11px&#8220; text_font_size_phone=&#8220;11px&#8220; text_font_size_last_edited=&#8220;on|tablet&#8220; border_radii=&#8220;on|5px|5px|5px|5px&#8220; global_colors_info=&#8220;{}&#8220; background__hover_enabled=&#8220;on|hover&#8220; background_color__hover=&#8220;#a7b242&#8243; background_enable_color__hover=&#8220;on&#8220;]<\/p>\n<p>Johannisstein<\/p>\n<p>[\/et_pb_text][et_pb_text _builder_version=&#8220;4.20.2&#8243; _dynamic_attributes=&#8220;link_option_url&#8220; _module_preset=&#8220;default&#8220; text_font=&#8220;|||on|||||&#8220; text_text_color=&#8220;#FFFFFF&#8220; text_font_size=&#8220;13px&#8220; text_letter_spacing=&#8220;1px&#8220; text_line_height=&#8220;1em&#8220; background_color=&#8220;#818B35&#8243; text_orientation=&#8220;center&#8220; custom_margin=&#8220;||6vh||false|false&#8220; custom_padding=&#8220;15px||15px||true|false&#8220; link_option_url=&#8220;@ET-DC@eyJkeW5hbWljIjp0cnVlLCJjb250ZW50IjoicG9zdF9saW5rX3VybF9wYWdlIiwic2V0dGluZ3MiOnsicG9zdF9pZCI6IjIxOCJ9fQ==@&#8220; text_font_size_tablet=&#8220;11px&#8220; text_font_size_phone=&#8220;11px&#8220; text_font_size_last_edited=&#8220;on|tablet&#8220; border_radii=&#8220;on|5px|5px|5px|5px&#8220; global_colors_info=&#8220;{}&#8220; background__hover_enabled=&#8220;on|hover&#8220; background_color__hover=&#8220;#a7b242&#8243; background_enable_color__hover=&#8220;on&#8220;]<\/p>\n<p>Preisliste<\/p>\n<p>[\/et_pb_text][et_pb_image src=&#8220;https:\/\/johannisstein.eu\/wp-content\/uploads\/2023\/03\/janske-kameny-kralovstvi-tichych-rozhledu.svg&#8220; title_text=&#8220;janske-kameny-kralovstvi-tichych-rozhledu&#8220; align=&#8220;center&#8220; _builder_version=&#8220;4.20.2&#8243; _module_preset=&#8220;default&#8220; width=&#8220;200px&#8220; width_tablet=&#8220;150px&#8220; width_phone=&#8220;150px&#8220; width_last_edited=&#8220;on|tablet&#8220; custom_margin=&#8220;||5vh||false|false&#8220; global_colors_info=&#8220;{}&#8220;][\/et_pb_image][\/et_pb_column][\/et_pb_row][\/et_pb_section]<\/p>\n","protected":false},"excerpt":{"rendered":"<p>VereinAlles, was wir tun, tun wir freiwillig und in unserer Freizeit. Wir bem\u00fchen uns, aktiv dazu beizutragen, dass die Region des Zittauer\/Lausitzer Gebirges ein guter Platz zum Leben, gleichzeitig aber auch ein interessanter und anziehender Ort f\u00fcr seine Besucher ist. F\u00fcr die finanzielle Unterst\u00fctzung unserer Projekte danken wir: LSG Lu\u017eick\u00e9 hory, dem Klub Tschechischer Touristen, [&hellip;]<\/p>\n","protected":false},"author":1,"featured_media":0,"parent":0,"menu_order":0,"comment_status":"closed","ping_status":"closed","template":"","meta":{"_et_pb_use_builder":"on","_et_pb_old_content":"","_et_gb_content_width":"","inline_featured_image":false,"footnotes":""},"class_list":["post-530","page","type-page","status-publish","hentry"],"yoast_head":"<!-- This site is optimized with the Yoast SEO plugin v27.4 - https:\/\/yoast.com\/product\/yoast-seo-wordpress\/ -->\n<title>Verein - J\u00e1nsk\u00e9 kameny<\/title>\n<meta name=\"robots\" content=\"index, follow, max-snippet:-1, max-image-preview:large, max-video-preview:-1\" \/>\n<link rel=\"canonical\" href=\"https:\/\/johannisstein.eu\/de\/verein\/\" \/>\n<meta property=\"og:locale\" content=\"de_DE\" \/>\n<meta property=\"og:type\" content=\"article\" \/>\n<meta property=\"og:title\" content=\"Verein - J\u00e1nsk\u00e9 kameny\" \/>\n<meta property=\"og:description\" content=\"VereinAlles, was wir tun, tun wir freiwillig und in unserer Freizeit. Wir bem\u00fchen uns, aktiv dazu beizutragen, dass die Region des Zittauer\/Lausitzer Gebirges ein guter Platz zum Leben, gleichzeitig aber auch ein interessanter und anziehender Ort f\u00fcr seine Besucher ist. F\u00fcr die finanzielle Unterst\u00fctzung unserer Projekte danken wir: LSG Lu\u017eick\u00e9 hory, dem Klub Tschechischer Touristen, [&hellip;]\" \/>\n<meta property=\"og:url\" content=\"https:\/\/johannisstein.eu\/de\/verein\/\" \/>\n<meta property=\"og:site_name\" content=\"J\u00e1nsk\u00e9 kameny\" \/>\n<meta property=\"article:publisher\" content=\"https:\/\/www.facebook.com\/profile.php?id=100010641100769\" \/>\n<meta property=\"article:modified_time\" content=\"2023-05-31T06:51:12+00:00\" \/>\n<meta name=\"twitter:card\" content=\"summary_large_image\" \/>\n<meta name=\"twitter:label1\" content=\"Gesch\u00e4tzte Lesezeit\" \/>\n\t<meta name=\"twitter:data1\" content=\"10\u00a0Minuten\" \/>\n<script type=\"application\/ld+json\" class=\"yoast-schema-graph\">{\"@context\":\"https:\\\/\\\/schema.org\",\"@graph\":[{\"@type\":\"WebPage\",\"@id\":\"https:\\\/\\\/johannisstein.eu\\\/de\\\/verein\\\/\",\"url\":\"https:\\\/\\\/johannisstein.eu\\\/de\\\/verein\\\/\",\"name\":\"Verein - J\u00e1nsk\u00e9 kameny\",\"isPartOf\":{\"@id\":\"https:\\\/\\\/johannisstein.eu\\\/#website\"},\"datePublished\":\"2023-03-29T09:57:11+00:00\",\"dateModified\":\"2023-05-31T06:51:12+00:00\",\"breadcrumb\":{\"@id\":\"https:\\\/\\\/johannisstein.eu\\\/de\\\/verein\\\/#breadcrumb\"},\"inLanguage\":\"de\",\"potentialAction\":[{\"@type\":\"ReadAction\",\"target\":[\"https:\\\/\\\/johannisstein.eu\\\/de\\\/verein\\\/\"]}]},{\"@type\":\"BreadcrumbList\",\"@id\":\"https:\\\/\\\/johannisstein.eu\\\/de\\\/verein\\\/#breadcrumb\",\"itemListElement\":[{\"@type\":\"ListItem\",\"position\":1,\"name\":\"Dom\u016f\",\"item\":\"https:\\\/\\\/johannisstein.eu\\\/de\\\/home-2\\\/\"},{\"@type\":\"ListItem\",\"position\":2,\"name\":\"Verein\"}]},{\"@type\":\"WebSite\",\"@id\":\"https:\\\/\\\/johannisstein.eu\\\/#website\",\"url\":\"https:\\\/\\\/johannisstein.eu\\\/\",\"name\":\"J\u00e1nsk\u00e9 kameny\",\"description\":\"Ubytov\u00e1n\u00ed v Lu\u017eick\u00fdch hor\u00e1ch\",\"publisher\":{\"@id\":\"https:\\\/\\\/johannisstein.eu\\\/#organization\"},\"potentialAction\":[{\"@type\":\"SearchAction\",\"target\":{\"@type\":\"EntryPoint\",\"urlTemplate\":\"https:\\\/\\\/johannisstein.eu\\\/?s={search_term_string}\"},\"query-input\":{\"@type\":\"PropertyValueSpecification\",\"valueRequired\":true,\"valueName\":\"search_term_string\"}}],\"inLanguage\":\"de\"},{\"@type\":\"Organization\",\"@id\":\"https:\\\/\\\/johannisstein.eu\\\/#organization\",\"name\":\"J\u00e1nsk\u00e9 kameny\",\"url\":\"https:\\\/\\\/johannisstein.eu\\\/\",\"logo\":{\"@type\":\"ImageObject\",\"inLanguage\":\"de\",\"@id\":\"https:\\\/\\\/johannisstein.eu\\\/#\\\/schema\\\/logo\\\/image\\\/\",\"url\":\"https:\\\/\\\/johannisstein.eu\\\/wp-content\\\/uploads\\\/2023\\\/03\\\/janske-kameny_logo.svg\",\"contentUrl\":\"https:\\\/\\\/johannisstein.eu\\\/wp-content\\\/uploads\\\/2023\\\/03\\\/janske-kameny_logo.svg\",\"width\":\"1024\",\"height\":\"1024\",\"caption\":\"J\u00e1nsk\u00e9 kameny\"},\"image\":{\"@id\":\"https:\\\/\\\/johannisstein.eu\\\/#\\\/schema\\\/logo\\\/image\\\/\"},\"sameAs\":[\"https:\\\/\\\/www.facebook.com\\\/profile.php?id=100010641100769\"]}]}<\/script>\n<!-- \/ Yoast SEO plugin. -->","yoast_head_json":{"title":"Verein - J\u00e1nsk\u00e9 kameny","robots":{"index":"index","follow":"follow","max-snippet":"max-snippet:-1","max-image-preview":"max-image-preview:large","max-video-preview":"max-video-preview:-1"},"canonical":"https:\/\/johannisstein.eu\/de\/verein\/","og_locale":"de_DE","og_type":"article","og_title":"Verein - J\u00e1nsk\u00e9 kameny","og_description":"VereinAlles, was wir tun, tun wir freiwillig und in unserer Freizeit. Wir bem\u00fchen uns, aktiv dazu beizutragen, dass die Region des Zittauer\/Lausitzer Gebirges ein guter Platz zum Leben, gleichzeitig aber auch ein interessanter und anziehender Ort f\u00fcr seine Besucher ist. F\u00fcr die finanzielle Unterst\u00fctzung unserer Projekte danken wir: LSG Lu\u017eick\u00e9 hory, dem Klub Tschechischer Touristen, [&hellip;]","og_url":"https:\/\/johannisstein.eu\/de\/verein\/","og_site_name":"J\u00e1nsk\u00e9 kameny","article_publisher":"https:\/\/www.facebook.com\/profile.php?id=100010641100769","article_modified_time":"2023-05-31T06:51:12+00:00","twitter_card":"summary_large_image","twitter_misc":{"Gesch\u00e4tzte Lesezeit":"10\u00a0Minuten"},"schema":{"@context":"https:\/\/schema.org","@graph":[{"@type":"WebPage","@id":"https:\/\/johannisstein.eu\/de\/verein\/","url":"https:\/\/johannisstein.eu\/de\/verein\/","name":"Verein - J\u00e1nsk\u00e9 kameny","isPartOf":{"@id":"https:\/\/johannisstein.eu\/#website"},"datePublished":"2023-03-29T09:57:11+00:00","dateModified":"2023-05-31T06:51:12+00:00","breadcrumb":{"@id":"https:\/\/johannisstein.eu\/de\/verein\/#breadcrumb"},"inLanguage":"de","potentialAction":[{"@type":"ReadAction","target":["https:\/\/johannisstein.eu\/de\/verein\/"]}]},{"@type":"BreadcrumbList","@id":"https:\/\/johannisstein.eu\/de\/verein\/#breadcrumb","itemListElement":[{"@type":"ListItem","position":1,"name":"Dom\u016f","item":"https:\/\/johannisstein.eu\/de\/home-2\/"},{"@type":"ListItem","position":2,"name":"Verein"}]},{"@type":"WebSite","@id":"https:\/\/johannisstein.eu\/#website","url":"https:\/\/johannisstein.eu\/","name":"J\u00e1nsk\u00e9 kameny","description":"Ubytov\u00e1n\u00ed v Lu\u017eick\u00fdch hor\u00e1ch","publisher":{"@id":"https:\/\/johannisstein.eu\/#organization"},"potentialAction":[{"@type":"SearchAction","target":{"@type":"EntryPoint","urlTemplate":"https:\/\/johannisstein.eu\/?s={search_term_string}"},"query-input":{"@type":"PropertyValueSpecification","valueRequired":true,"valueName":"search_term_string"}}],"inLanguage":"de"},{"@type":"Organization","@id":"https:\/\/johannisstein.eu\/#organization","name":"J\u00e1nsk\u00e9 kameny","url":"https:\/\/johannisstein.eu\/","logo":{"@type":"ImageObject","inLanguage":"de","@id":"https:\/\/johannisstein.eu\/#\/schema\/logo\/image\/","url":"https:\/\/johannisstein.eu\/wp-content\/uploads\/2023\/03\/janske-kameny_logo.svg","contentUrl":"https:\/\/johannisstein.eu\/wp-content\/uploads\/2023\/03\/janske-kameny_logo.svg","width":"1024","height":"1024","caption":"J\u00e1nsk\u00e9 kameny"},"image":{"@id":"https:\/\/johannisstein.eu\/#\/schema\/logo\/image\/"},"sameAs":["https:\/\/www.facebook.com\/profile.php?id=100010641100769"]}]}},"_links":{"self":[{"href":"https:\/\/johannisstein.eu\/de\/wp-json\/wp\/v2\/pages\/530","targetHints":{"allow":["GET"]}}],"collection":[{"href":"https:\/\/johannisstein.eu\/de\/wp-json\/wp\/v2\/pages"}],"about":[{"href":"https:\/\/johannisstein.eu\/de\/wp-json\/wp\/v2\/types\/page"}],"author":[{"embeddable":true,"href":"https:\/\/johannisstein.eu\/de\/wp-json\/wp\/v2\/users\/1"}],"replies":[{"embeddable":true,"href":"https:\/\/johannisstein.eu\/de\/wp-json\/wp\/v2\/comments?post=530"}],"version-history":[{"count":7,"href":"https:\/\/johannisstein.eu\/de\/wp-json\/wp\/v2\/pages\/530\/revisions"}],"predecessor-version":[{"id":771,"href":"https:\/\/johannisstein.eu\/de\/wp-json\/wp\/v2\/pages\/530\/revisions\/771"}],"wp:attachment":[{"href":"https:\/\/johannisstein.eu\/de\/wp-json\/wp\/v2\/media?parent=530"}],"curies":[{"name":"wp","href":"https:\/\/api.w.org\/{rel}","templated":true}]}}