{"id":506,"date":"2023-03-28T11:45:32","date_gmt":"2023-03-28T09:45:32","guid":{"rendered":"https:\/\/johannisstein.eu\/unterkunft\/"},"modified":"2026-03-25T13:57:37","modified_gmt":"2026-03-25T12:57:37","slug":"unterkunft","status":"publish","type":"page","link":"https:\/\/johannisstein.eu\/de\/unterkunft\/","title":{"rendered":"Unterkunft"},"content":{"rendered":"<p>[et_pb_section fb_built=&#8220;1&#8243; custom_padding_last_edited=&#8220;on|tablet&#8220; _builder_version=&#8220;4.20.2&#8243; _module_preset=&#8220;default&#8220; background_color=&#8220;RGBA(255,255,255,0)&#8220; background_enable_image=&#8220;off&#8220; background_blend=&#8220;multiply&#8220; custom_padding=&#8220;8vh||8vh||true|false&#8220; custom_padding_tablet=&#8220;4vh||4vh||true|false&#8220; custom_padding_phone=&#8220;4vh||4vh||true|false&#8220; global_colors_info=&#8220;{}&#8220;][et_pb_row column_structure=&#8220;2_3,1_3&#8243; _builder_version=&#8220;4.20.2&#8243; _module_preset=&#8220;default&#8220; background_color=&#8220;rgba(255,254,241,0.7)&#8220; width=&#8220;90%&#8220; custom_padding=&#8220;25px|25px|25px|25px|true|true&#8220; border_radii=&#8220;on|10px|10px|10px|10px&#8220; global_colors_info=&#8220;{}&#8220;][et_pb_column type=&#8220;2_3&#8243; _builder_version=&#8220;4.20.2&#8243; _module_preset=&#8220;default&#8220; custom_padding=&#8220;5vh|25px||25px|false|true&#8220; custom_padding_tablet=&#8220;2vh|0px||0px|false|true&#8220; custom_padding_phone=&#8220;2vh|0px||0px|false|true&#8220; custom_padding_last_edited=&#8220;on|tablet&#8220; global_colors_info=&#8220;{}&#8220;][et_pb_text _builder_version=&#8220;4.20.2&#8243; _module_preset=&#8220;default&#8220; header_font=&#8220;|300|||||||&#8220; header_text_color=&#8220;#202020&#8243; header_font_size=&#8220;48px&#8220; header_line_height=&#8220;1.3em&#8220; header_text_align_tablet=&#8220;center&#8220; header_text_align_phone=&#8220;center&#8220; header_text_align_last_edited=&#8220;on|tablet&#8220; header_font_size_tablet=&#8220;32px&#8220; header_font_size_phone=&#8220;32px&#8220; header_font_size_last_edited=&#8220;on|tablet&#8220; global_colors_info=&#8220;{}&#8220;]<\/p>\n<h1>Unterkunft<\/h1>\n<p>[\/et_pb_text][et_pb_text _builder_version=&#8220;4.20.4&#8243; _module_preset=&#8220;default&#8220; text_text_color=&#8220;#202020&#8243; custom_margin=&#8220;||5vh||false|false&#8220; text_font_size_tablet=&#8220;14px&#8220; text_font_size_phone=&#8220;14px&#8220; text_font_size_last_edited=&#8220;on|tablet&#8220; text_orientation_tablet=&#8220;center&#8220; text_orientation_phone=&#8220;center&#8220; text_orientation_last_edited=&#8220;on|tablet&#8220; global_colors_info=&#8220;{}&#8220;]<\/p>\n<p>Zurzeit bieten wir die<span> <\/span><strong>komfortable Unterkunft<span> <\/span><\/strong>im Dachgeschoss-Apartment \u201c<em>Lausche<\/em>\u201c<span>\u00a0<\/span><strong>an, mit faszinierender Aussicht<\/strong><span> <\/span>auf die umliegende Landschaft. Auf gro\u00dfz\u00fcgigen 60 m2 Wohnfl\u00e4che<span> <\/span>k\u00f6nnen bis zu 4 Personen \u00fcbernachten. Es stehen zwei gem\u00fctliche Zimmer, eine K\u00fcche, ein Vorraum und ein Badezimmer mit WC zur Verf\u00fcgung. Besuchern mit kleinen Kindern stellen wir auf Wunsch eine Kinderaufbettung inkl. Bettw\u00e4sche sowie einen Kinderstuhl zur Verf\u00fcgung.<\/p>\n<p>Ferienwohnungen\u201c<em>Hochwald<\/em>\u201d und \u201c<em>Johannisstein<\/em>\u201d sind derzeit nicht verf\u00fcgbar.<\/p>\n<p>Ihr Auto k\u00f6nnen Sie komfortabel und<span> <\/span><strong>sicher auf dem hauseigenen<\/strong><span> <\/span>Parkplatz abstellen. Im Haus steht Ihnen ein Aufbewahrungsraum f\u00fcr Fahrr\u00e4der, Skier, Schlitten oder Kinderwagen zur Verf\u00fcgung. Es gibt einen geb\u00fchrenfreien Internetzugang<span> <\/span>\u00fcber <strong>WLAN<\/strong>.<\/p>\n<p>Fr\u00fchst\u00fcck oder Vollpension<span> <\/span>sichern wir Ihnen auf <strong>Wunsch<\/strong> gern in der benachbarten Kammbaude. Im Appartement herrscht wie im<span> <\/span>ganzen Haus <strong>Rauchverbot<\/strong>.<\/p>\n<p>[\/et_pb_text][et_pb_text _builder_version=&#8220;4.20.4&#8243; _module_preset=&#8220;default&#8220; text_font=&#8220;|||on|||||&#8220; text_text_color=&#8220;#808000&#8243; text_font_size=&#8220;30px&#8220; text_orientation=&#8220;center&#8220; custom_margin_tablet=&#8220;||3vh||false|false&#8220; custom_margin_phone=&#8220;||3vh||false|false&#8220; custom_margin_last_edited=&#8220;on|tablet&#8220; text_font_size_tablet=&#8220;18px&#8220; text_font_size_phone=&#8220;22px&#8220; text_font_size_last_edited=&#8220;on|tablet&#8220; text_orientation_tablet=&#8220;center&#8220; text_orientation_phone=&#8220;center&#8220; text_orientation_last_edited=&#8220;on|tablet&#8220; global_colors_info=&#8220;{}&#8220;]<\/p>\n<p>HERZLICH WILLKOMMEN AUF DEM JOHANNISSTEIN!<\/p>\n<p>[\/et_pb_text][\/et_pb_column][et_pb_column type=&#8220;1_3&#8243; _builder_version=&#8220;4.20.2&#8243; _module_preset=&#8220;default&#8220; background_color=&#8220;#FFFEF1&#8243; custom_padding=&#8220;25px|25px|25px|25px|true|true&#8220; border_radii=&#8220;on|10px|10px|10px|10px&#8220; global_colors_info=&#8220;{}&#8220;][et_pb_image src=&#8220;https:\/\/johannisstein.eu\/wp-content\/uploads\/2026\/03\/janske-kameny-logo-03.svg&#8220; title_text=&#8220;janske-kameny-logo-03&#8243; align=&#8220;center&#8220; _builder_version=&#8220;4.23&#8243; _module_preset=&#8220;default&#8220; width=&#8220;185px&#8220; width_tablet=&#8220;150px&#8220; width_phone=&#8220;150px&#8220; width_last_edited=&#8220;on|tablet&#8220; custom_margin=&#8220;||5vh||false|false&#8220; custom_margin_tablet=&#8220;5vh||5vh||false|false&#8220; custom_margin_phone=&#8220;5vh||5vh||false|false&#8220; custom_margin_last_edited=&#8220;on|tablet&#8220; hover_enabled=&#8220;0&#8243; global_colors_info=&#8220;{}&#8220; sticky_enabled=&#8220;0&#8243;][\/et_pb_image][et_pb_text _builder_version=&#8220;4.20.4&#8243; _module_preset=&#8220;default&#8220; text_font=&#8220;|700||on|||||&#8220; text_text_color=&#8220;#818B35&#8243; text_font_size=&#8220;18px&#8220; text_orientation=&#8220;center&#8220; custom_margin=&#8220;||15px||false|false&#8220; text_font_size_tablet=&#8220;15px&#8220; text_font_size_phone=&#8220;15px&#8220; text_font_size_last_edited=&#8220;on|tablet&#8220; global_colors_info=&#8220;{}&#8220;]<\/p>\n<p>Anfrage<\/p>\n<p>[\/et_pb_text][et_pb_contact_form use_spam_service=&#8220;on&#8220; recaptcha_list=&#8220;Default|Default-0&#8243; email=&#8220;info@johannisstein.eu&#8220; custom_message=&#8220;Jm\u00e9no z\u00e1jemce: %%Name%%||et_pb_line_break_holder||E-mail: %%Email%%||et_pb_line_break_holder||Telefonn\u00ed \u010d\u00edslo: %%Telefon%%||et_pb_line_break_holder||Apartm\u00e1n: %%Apartman%%||et_pb_line_break_holder||Po\u010det osob: %%Pocetosob%%||et_pb_line_break_holder||Datum p\u0159\u00edjezdu: %%datumPrijezdu%%||et_pb_line_break_holder||Datum odjezdu: %%datumOdjezdu%%||et_pb_line_break_holder||Pozn\u00e1mka: %%poznamka%%||et_pb_line_break_holder||&#8220; success_message=&#8220;Die Anfrage wurde erfolgreich gesendet.&#8220; submit_button_text=&#8220;Absenden&#8220; _builder_version=&#8220;4.23&#8243; _module_preset=&#8220;default&#8220; _unique_id=&#8220;713d73c2-ed6a-480b-ad68-d35c957d55a2&#8243; form_field_background_color=&#8220;#FFFFFF&#8220; custom_button=&#8220;on&#8220; button_text_size=&#8220;13px&#8220; button_text_color=&#8220;#FFFFFF&#8220; button_bg_color=&#8220;#818B35&#8243; button_border_width=&#8220;0px&#8220; button_border_color=&#8220;#818B35&#8243; button_border_radius=&#8220;10px&#8220; button_font=&#8220;|||on|||||&#8220; custom_margin=&#8220;||5vh||false|false&#8220; custom_css_contact_fields=&#8220;padding:10px&#8220; admin_email_subject=&#8220;Popt\u00e1vka z webov\u00fdch str\u00e1nek&#8220; border_radii=&#8220;on|10px|10px|10px|10px&#8220; border_width_all=&#8220;2px&#8220; border_color_all=&#8220;#818B35&#8243; global_module=&#8220;704&#8243; saved_tabs=&#8220;all&#8220; global_colors_info=&#8220;{}&#8220;][et_pb_contact_field field_id=&#8220;Name&#8220; field_title=&#8220;Vor- und Nachname&#8220; fullwidth_field=&#8220;on&#8220; _builder_version=&#8220;4.20.4&#8243; global_colors_info=&#8220;{}&#8220; button_text_size__hover_enabled=&#8220;off&#8220; button_one_text_size__hover_enabled=&#8220;off&#8220; button_two_text_size__hover_enabled=&#8220;off&#8220; button_text_color__hover_enabled=&#8220;off&#8220; button_one_text_color__hover_enabled=&#8220;off&#8220; button_two_text_color__hover_enabled=&#8220;off&#8220; button_border_width__hover_enabled=&#8220;off&#8220; button_one_border_width__hover_enabled=&#8220;off&#8220; button_two_border_width__hover_enabled=&#8220;off&#8220; button_border_color__hover_enabled=&#8220;off&#8220; button_one_border_color__hover_enabled=&#8220;off&#8220; button_two_border_color__hover_enabled=&#8220;off&#8220; button_border_radius__hover_enabled=&#8220;off&#8220; button_one_border_radius__hover_enabled=&#8220;off&#8220; button_two_border_radius__hover_enabled=&#8220;off&#8220; button_letter_spacing__hover_enabled=&#8220;off&#8220; button_one_letter_spacing__hover_enabled=&#8220;off&#8220; button_two_letter_spacing__hover_enabled=&#8220;off&#8220; button_bg_color__hover_enabled=&#8220;off&#8220; button_one_bg_color__hover_enabled=&#8220;off&#8220; button_two_bg_color__hover_enabled=&#8220;off&#8220;][\/et_pb_contact_field][et_pb_contact_field field_id=&#8220;Email&#8220; field_title=&#8220;Ihre E-mail&#8220; field_type=&#8220;email&#8220; fullwidth_field=&#8220;on&#8220; _builder_version=&#8220;4.20.4&#8243; global_colors_info=&#8220;{}&#8220; button_text_size__hover_enabled=&#8220;off&#8220; button_one_text_size__hover_enabled=&#8220;off&#8220; button_two_text_size__hover_enabled=&#8220;off&#8220; button_text_color__hover_enabled=&#8220;off&#8220; button_one_text_color__hover_enabled=&#8220;off&#8220; button_two_text_color__hover_enabled=&#8220;off&#8220; button_border_width__hover_enabled=&#8220;off&#8220; button_one_border_width__hover_enabled=&#8220;off&#8220; button_two_border_width__hover_enabled=&#8220;off&#8220; button_border_color__hover_enabled=&#8220;off&#8220; button_one_border_color__hover_enabled=&#8220;off&#8220; button_two_border_color__hover_enabled=&#8220;off&#8220; button_border_radius__hover_enabled=&#8220;off&#8220; button_one_border_radius__hover_enabled=&#8220;off&#8220; button_two_border_radius__hover_enabled=&#8220;off&#8220; button_letter_spacing__hover_enabled=&#8220;off&#8220; button_one_letter_spacing__hover_enabled=&#8220;off&#8220; button_two_letter_spacing__hover_enabled=&#8220;off&#8220; button_bg_color__hover_enabled=&#8220;off&#8220; button_one_bg_color__hover_enabled=&#8220;off&#8220; button_two_bg_color__hover_enabled=&#8220;off&#8220;][\/et_pb_contact_field][et_pb_contact_field field_id=&#8220;Telefon&#8220; field_title=&#8220;Telefon&#8220; fullwidth_field=&#8220;on&#8220; _builder_version=&#8220;4.20.4&#8243; _module_preset=&#8220;default&#8220; global_colors_info=&#8220;{}&#8220;][\/et_pb_contact_field][et_pb_contact_field field_id=&#8220;Apartman&#8220; field_title=&#8220;W\u00e4hlen Sie ein Apartment&#8220; field_type=&#8220;select&#8220; select_options=&#8220;%91{%22value%22:%22Lausche%22,%22checked%22:0,%22dragID%22:-1},{%22value%22:%22Hochwald%22,%22checked%22:0,%22dragID%22:0},{%22value%22:%22Johannisstein%22,%22checked%22:0,%22dragID%22:1}%93&#8243; fullwidth_field=&#8220;on&#8220; _builder_version=&#8220;4.20.4&#8243; _module_preset=&#8220;default&#8220; global_colors_info=&#8220;{}&#8220;][\/et_pb_contact_field][et_pb_contact_field field_id=&#8220;Pocetosob&#8220; field_title=&#8220;Anzahl der Personen&#8220; allowed_symbols=&#8220;numbers&#8220; fullwidth_field=&#8220;on&#8220; _builder_version=&#8220;4.20.4&#8243; _module_preset=&#8220;default&#8220; global_colors_info=&#8220;{}&#8220;][\/et_pb_contact_field][et_pb_contact_field field_id=&#8220;datumPrijezdu&#8220; field_title=&#8220;Ankunftsdatum&#8220; fullwidth_field=&#8220;on&#8220; _builder_version=&#8220;4.21.0&#8243; _module_preset=&#8220;default&#8220; use_datetime=&#8220;on&#8220; datetime_type=&#8220;date&#8220; datetime_week_start=&#8220;Monday&#8220; datetime_disabled_week_days=&#8220;off|off|off|off|off|off|off&#8220; datetime_disabled_weeks=&#8220;off&#8220; global_colors_info=&#8220;{}&#8220;][\/et_pb_contact_field][et_pb_contact_field field_id=&#8220;datumOdjezdu&#8220; field_title=&#8220;Abfahrtsdatum&#8220; fullwidth_field=&#8220;on&#8220; _builder_version=&#8220;4.23&#8243; _module_preset=&#8220;default&#8220; use_datetime=&#8220;on&#8220; datetime_type=&#8220;date&#8220; datetime_week_start=&#8220;Monday&#8220; datetime_disabled_week_days=&#8220;off|off|off|off|off|off|off&#8220; datetime_disabled_weeks=&#8220;off&#8220; global_colors_info=&#8220;{}&#8220;][\/et_pb_contact_field][et_pb_contact_field field_id=&#8220;poznamka&#8220; field_title=&#8220;Bemerkung&#8220; field_type=&#8220;text&#8220; fullwidth_field=&#8220;on&#8220; _builder_version=&#8220;4.23&#8243; _module_preset=&#8220;default&#8220; datetime_week_start=&#8220;Monday&#8220; global_colors_info=&#8220;{}&#8220;][\/et_pb_contact_field][\/et_pb_contact_form][et_pb_text _builder_version=&#8220;4.20.2&#8243; _module_preset=&#8220;default&#8220; text_font=&#8220;|700||on|||||&#8220; text_text_color=&#8220;#818B35&#8243; text_font_size=&#8220;18px&#8220; text_orientation=&#8220;center&#8220; custom_margin=&#8220;||15px||false|false&#8220; text_font_size_tablet=&#8220;15px&#8220; text_font_size_phone=&#8220;15px&#8220; text_font_size_last_edited=&#8220;on|tablet&#8220; global_colors_info=&#8220;{}&#8220;]<\/p>\n<p>Apartments<\/p>\n<p>[\/et_pb_text][et_pb_text _builder_version=&#8220;4.20.2&#8243; _dynamic_attributes=&#8220;link_option_url&#8220; _module_preset=&#8220;default&#8220; text_font=&#8220;|||on|||||&#8220; text_text_color=&#8220;#FFFFFF&#8220; text_font_size=&#8220;13px&#8220; text_letter_spacing=&#8220;1px&#8220; text_line_height=&#8220;1em&#8220; background_color=&#8220;#818B35&#8243; text_orientation=&#8220;center&#8220; custom_margin=&#8220;||10px||false|false&#8220; custom_padding=&#8220;15px||15px||true|false&#8220; link_option_url=&#8220;@ET-DC@eyJkeW5hbWljIjp0cnVlLCJjb250ZW50IjoicG9zdF9saW5rX3VybF9wYWdlIiwic2V0dGluZ3MiOnsicG9zdF9pZCI6IjE0NCJ9fQ==@&#8220; text_font_size_tablet=&#8220;11px&#8220; text_font_size_phone=&#8220;11px&#8220; text_font_size_last_edited=&#8220;on|tablet&#8220; border_radii=&#8220;on|5px|5px|5px|5px&#8220; global_colors_info=&#8220;{}&#8220; background__hover_enabled=&#8220;on|hover&#8220; background_color__hover=&#8220;#a7b242&#8243; background_enable_color__hover=&#8220;on&#8220;]<\/p>\n<p>Lausche<\/p>\n<p>[\/et_pb_text][et_pb_text _builder_version=&#8220;4.20.2&#8243; _dynamic_attributes=&#8220;link_option_url&#8220; _module_preset=&#8220;default&#8220; text_font=&#8220;|||on|||||&#8220; text_text_color=&#8220;#FFFFFF&#8220; text_font_size=&#8220;13px&#8220; text_letter_spacing=&#8220;1px&#8220; text_line_height=&#8220;1em&#8220; background_color=&#8220;#818B35&#8243; text_orientation=&#8220;center&#8220; custom_margin=&#8220;||10px||false|false&#8220; custom_padding=&#8220;15px||15px||true|false&#8220; link_option_url=&#8220;@ET-DC@eyJkeW5hbWljIjp0cnVlLCJjb250ZW50IjoicG9zdF9saW5rX3VybF9wYWdlIiwic2V0dGluZ3MiOnsicG9zdF9pZCI6IjE2MCJ9fQ==@&#8220; text_font_size_tablet=&#8220;11px&#8220; text_font_size_phone=&#8220;11px&#8220; text_font_size_last_edited=&#8220;on|tablet&#8220; border_radii=&#8220;on|5px|5px|5px|5px&#8220; global_colors_info=&#8220;{}&#8220; background__hover_enabled=&#8220;on|hover&#8220; background_color__hover=&#8220;#a7b242&#8243; background_enable_color__hover=&#8220;on&#8220;]<\/p>\n<p>Hochwald<\/p>\n<p>[\/et_pb_text][et_pb_text _builder_version=&#8220;4.20.2&#8243; _dynamic_attributes=&#8220;link_option_url&#8220; _module_preset=&#8220;default&#8220; text_font=&#8220;|||on|||||&#8220; text_text_color=&#8220;#FFFFFF&#8220; text_font_size=&#8220;13px&#8220; text_letter_spacing=&#8220;1px&#8220; text_line_height=&#8220;1em&#8220; background_color=&#8220;#818B35&#8243; text_orientation=&#8220;center&#8220; custom_margin=&#8220;||10px||false|false&#8220; custom_padding=&#8220;15px||15px||true|false&#8220; link_option_url=&#8220;@ET-DC@eyJkeW5hbWljIjp0cnVlLCJjb250ZW50IjoicG9zdF9saW5rX3VybF9wYWdlIiwic2V0dGluZ3MiOnsicG9zdF9pZCI6IjE2OSJ9fQ==@&#8220; text_font_size_tablet=&#8220;11px&#8220; text_font_size_phone=&#8220;11px&#8220; text_font_size_last_edited=&#8220;on|tablet&#8220; border_radii=&#8220;on|5px|5px|5px|5px&#8220; global_colors_info=&#8220;{}&#8220; background__hover_enabled=&#8220;on|hover&#8220; background_color__hover=&#8220;#a7b242&#8243; background_enable_color__hover=&#8220;on&#8220;]<\/p>\n<p>Johannisstein<\/p>\n<p>[\/et_pb_text][et_pb_text _builder_version=&#8220;4.20.2&#8243; _dynamic_attributes=&#8220;link_option_url&#8220; _module_preset=&#8220;default&#8220; text_font=&#8220;|||on|||||&#8220; text_text_color=&#8220;#FFFFFF&#8220; text_font_size=&#8220;13px&#8220; text_letter_spacing=&#8220;1px&#8220; text_line_height=&#8220;1em&#8220; background_color=&#8220;#818B35&#8243; text_orientation=&#8220;center&#8220; custom_margin=&#8220;||6vh||false|false&#8220; custom_padding=&#8220;15px||15px||true|false&#8220; link_option_url=&#8220;@ET-DC@eyJkeW5hbWljIjp0cnVlLCJjb250ZW50IjoicG9zdF9saW5rX3VybF9wYWdlIiwic2V0dGluZ3MiOnsicG9zdF9pZCI6IjIxOCJ9fQ==@&#8220; text_font_size_tablet=&#8220;11px&#8220; text_font_size_phone=&#8220;11px&#8220; text_font_size_last_edited=&#8220;on|tablet&#8220; border_radii=&#8220;on|5px|5px|5px|5px&#8220; global_colors_info=&#8220;{}&#8220; background__hover_enabled=&#8220;on|hover&#8220; background_color__hover=&#8220;#a7b242&#8243; background_enable_color__hover=&#8220;on&#8220;]<\/p>\n<p>Preisliste<\/p>\n<p>[\/et_pb_text][et_pb_image src=&#8220;https:\/\/johannisstein.eu\/wp-content\/uploads\/2026\/03\/janske-kameny-kralovstvi-tichych-rozhledu.svg&#8220; title_text=&#8220;janske-kameny-kralovstvi-tichych-rozhledu&#8220; align=&#8220;center&#8220; _builder_version=&#8220;4.23&#8243; _module_preset=&#8220;default&#8220; width=&#8220;200px&#8220; width_tablet=&#8220;150px&#8220; width_phone=&#8220;150px&#8220; width_last_edited=&#8220;on|tablet&#8220; custom_margin=&#8220;||5vh||false|false&#8220; hover_enabled=&#8220;0&#8243; global_colors_info=&#8220;{}&#8220; sticky_enabled=&#8220;0&#8243;][\/et_pb_image][\/et_pb_column][\/et_pb_row][\/et_pb_section]<\/p>\n","protected":false},"excerpt":{"rendered":"<p>UnterkunftZurzeit bieten wir die komfortable Unterkunft im Dachgeschoss-Apartment \u201cLausche\u201c\u00a0an, mit faszinierender Aussicht auf die umliegende Landschaft. Auf gro\u00dfz\u00fcgigen 60 m2 Wohnfl\u00e4che k\u00f6nnen bis zu 4 Personen \u00fcbernachten. Es stehen zwei gem\u00fctliche Zimmer, eine K\u00fcche, ein Vorraum und ein Badezimmer mit WC zur Verf\u00fcgung. Besuchern mit kleinen Kindern stellen wir auf Wunsch eine Kinderaufbettung inkl. Bettw\u00e4sche [&hellip;]<\/p>\n","protected":false},"author":1,"featured_media":0,"parent":0,"menu_order":0,"comment_status":"closed","ping_status":"closed","template":"","meta":{"_et_pb_use_builder":"on","_et_pb_old_content":"","_et_gb_content_width":"","inline_featured_image":false,"footnotes":""},"class_list":["post-506","page","type-page","status-publish","hentry"],"yoast_head":"<!-- This site is optimized with the Yoast SEO plugin v27.4 - https:\/\/yoast.com\/product\/yoast-seo-wordpress\/ -->\n<title>Unterkunft - J\u00e1nsk\u00e9 kameny<\/title>\n<meta name=\"robots\" content=\"index, follow, max-snippet:-1, max-image-preview:large, max-video-preview:-1\" \/>\n<link rel=\"canonical\" href=\"https:\/\/johannisstein.eu\/ubytovani\/\" \/>\n<meta property=\"og:locale\" content=\"de_DE\" \/>\n<meta property=\"og:type\" content=\"article\" \/>\n<meta property=\"og:title\" content=\"Unterkunft - J\u00e1nsk\u00e9 kameny\" \/>\n<meta property=\"og:description\" content=\"UnterkunftZurzeit bieten wir die komfortable Unterkunft im Dachgeschoss-Apartment \u201cLausche\u201c\u00a0an, mit faszinierender Aussicht auf die umliegende Landschaft. Auf gro\u00dfz\u00fcgigen 60 m2 Wohnfl\u00e4che k\u00f6nnen bis zu 4 Personen \u00fcbernachten. Es stehen zwei gem\u00fctliche Zimmer, eine K\u00fcche, ein Vorraum und ein Badezimmer mit WC zur Verf\u00fcgung. Besuchern mit kleinen Kindern stellen wir auf Wunsch eine Kinderaufbettung inkl. Bettw\u00e4sche [&hellip;]\" \/>\n<meta property=\"og:url\" content=\"https:\/\/johannisstein.eu\/ubytovani\/\" \/>\n<meta property=\"og:site_name\" content=\"J\u00e1nsk\u00e9 kameny\" \/>\n<meta property=\"article:publisher\" content=\"https:\/\/www.facebook.com\/profile.php?id=100010641100769\" \/>\n<meta property=\"article:modified_time\" content=\"2026-03-25T12:57:37+00:00\" \/>\n<meta name=\"twitter:card\" content=\"summary_large_image\" \/>\n<meta name=\"twitter:label1\" content=\"Gesch\u00e4tzte Lesezeit\" \/>\n\t<meta name=\"twitter:data1\" content=\"10\u00a0Minuten\" \/>\n<script type=\"application\/ld+json\" class=\"yoast-schema-graph\">{\"@context\":\"https:\\\/\\\/schema.org\",\"@graph\":[{\"@type\":\"WebPage\",\"@id\":\"https:\\\/\\\/johannisstein.eu\\\/ubytovani\\\/\",\"url\":\"https:\\\/\\\/johannisstein.eu\\\/ubytovani\\\/\",\"name\":\"Unterkunft - J\u00e1nsk\u00e9 kameny\",\"isPartOf\":{\"@id\":\"https:\\\/\\\/johannisstein.eu\\\/#website\"},\"datePublished\":\"2023-03-28T09:45:32+00:00\",\"dateModified\":\"2026-03-25T12:57:37+00:00\",\"breadcrumb\":{\"@id\":\"https:\\\/\\\/johannisstein.eu\\\/ubytovani\\\/#breadcrumb\"},\"inLanguage\":\"de\",\"potentialAction\":[{\"@type\":\"ReadAction\",\"target\":[\"https:\\\/\\\/johannisstein.eu\\\/ubytovani\\\/\"]}]},{\"@type\":\"BreadcrumbList\",\"@id\":\"https:\\\/\\\/johannisstein.eu\\\/ubytovani\\\/#breadcrumb\",\"itemListElement\":[{\"@type\":\"ListItem\",\"position\":1,\"name\":\"Dom\u016f\",\"item\":\"https:\\\/\\\/johannisstein.eu\\\/de\\\/home-2\\\/\"},{\"@type\":\"ListItem\",\"position\":2,\"name\":\"Unterkunft\"}]},{\"@type\":\"WebSite\",\"@id\":\"https:\\\/\\\/johannisstein.eu\\\/#website\",\"url\":\"https:\\\/\\\/johannisstein.eu\\\/\",\"name\":\"J\u00e1nsk\u00e9 kameny\",\"description\":\"Ubytov\u00e1n\u00ed v Lu\u017eick\u00fdch hor\u00e1ch\",\"publisher\":{\"@id\":\"https:\\\/\\\/johannisstein.eu\\\/#organization\"},\"potentialAction\":[{\"@type\":\"SearchAction\",\"target\":{\"@type\":\"EntryPoint\",\"urlTemplate\":\"https:\\\/\\\/johannisstein.eu\\\/?s={search_term_string}\"},\"query-input\":{\"@type\":\"PropertyValueSpecification\",\"valueRequired\":true,\"valueName\":\"search_term_string\"}}],\"inLanguage\":\"de\"},{\"@type\":\"Organization\",\"@id\":\"https:\\\/\\\/johannisstein.eu\\\/#organization\",\"name\":\"J\u00e1nsk\u00e9 kameny\",\"url\":\"https:\\\/\\\/johannisstein.eu\\\/\",\"logo\":{\"@type\":\"ImageObject\",\"inLanguage\":\"de\",\"@id\":\"https:\\\/\\\/johannisstein.eu\\\/#\\\/schema\\\/logo\\\/image\\\/\",\"url\":\"https:\\\/\\\/johannisstein.eu\\\/wp-content\\\/uploads\\\/2023\\\/03\\\/janske-kameny_logo.svg\",\"contentUrl\":\"https:\\\/\\\/johannisstein.eu\\\/wp-content\\\/uploads\\\/2023\\\/03\\\/janske-kameny_logo.svg\",\"width\":\"1024\",\"height\":\"1024\",\"caption\":\"J\u00e1nsk\u00e9 kameny\"},\"image\":{\"@id\":\"https:\\\/\\\/johannisstein.eu\\\/#\\\/schema\\\/logo\\\/image\\\/\"},\"sameAs\":[\"https:\\\/\\\/www.facebook.com\\\/profile.php?id=100010641100769\"]}]}<\/script>\n<!-- \/ Yoast SEO plugin. -->","yoast_head_json":{"title":"Unterkunft - J\u00e1nsk\u00e9 kameny","robots":{"index":"index","follow":"follow","max-snippet":"max-snippet:-1","max-image-preview":"max-image-preview:large","max-video-preview":"max-video-preview:-1"},"canonical":"https:\/\/johannisstein.eu\/ubytovani\/","og_locale":"de_DE","og_type":"article","og_title":"Unterkunft - J\u00e1nsk\u00e9 kameny","og_description":"UnterkunftZurzeit bieten wir die komfortable Unterkunft im Dachgeschoss-Apartment \u201cLausche\u201c\u00a0an, mit faszinierender Aussicht auf die umliegende Landschaft. Auf gro\u00dfz\u00fcgigen 60 m2 Wohnfl\u00e4che k\u00f6nnen bis zu 4 Personen \u00fcbernachten. Es stehen zwei gem\u00fctliche Zimmer, eine K\u00fcche, ein Vorraum und ein Badezimmer mit WC zur Verf\u00fcgung. Besuchern mit kleinen Kindern stellen wir auf Wunsch eine Kinderaufbettung inkl. Bettw\u00e4sche [&hellip;]","og_url":"https:\/\/johannisstein.eu\/ubytovani\/","og_site_name":"J\u00e1nsk\u00e9 kameny","article_publisher":"https:\/\/www.facebook.com\/profile.php?id=100010641100769","article_modified_time":"2026-03-25T12:57:37+00:00","twitter_card":"summary_large_image","twitter_misc":{"Gesch\u00e4tzte Lesezeit":"10\u00a0Minuten"},"schema":{"@context":"https:\/\/schema.org","@graph":[{"@type":"WebPage","@id":"https:\/\/johannisstein.eu\/ubytovani\/","url":"https:\/\/johannisstein.eu\/ubytovani\/","name":"Unterkunft - J\u00e1nsk\u00e9 kameny","isPartOf":{"@id":"https:\/\/johannisstein.eu\/#website"},"datePublished":"2023-03-28T09:45:32+00:00","dateModified":"2026-03-25T12:57:37+00:00","breadcrumb":{"@id":"https:\/\/johannisstein.eu\/ubytovani\/#breadcrumb"},"inLanguage":"de","potentialAction":[{"@type":"ReadAction","target":["https:\/\/johannisstein.eu\/ubytovani\/"]}]},{"@type":"BreadcrumbList","@id":"https:\/\/johannisstein.eu\/ubytovani\/#breadcrumb","itemListElement":[{"@type":"ListItem","position":1,"name":"Dom\u016f","item":"https:\/\/johannisstein.eu\/de\/home-2\/"},{"@type":"ListItem","position":2,"name":"Unterkunft"}]},{"@type":"WebSite","@id":"https:\/\/johannisstein.eu\/#website","url":"https:\/\/johannisstein.eu\/","name":"J\u00e1nsk\u00e9 kameny","description":"Ubytov\u00e1n\u00ed v Lu\u017eick\u00fdch hor\u00e1ch","publisher":{"@id":"https:\/\/johannisstein.eu\/#organization"},"potentialAction":[{"@type":"SearchAction","target":{"@type":"EntryPoint","urlTemplate":"https:\/\/johannisstein.eu\/?s={search_term_string}"},"query-input":{"@type":"PropertyValueSpecification","valueRequired":true,"valueName":"search_term_string"}}],"inLanguage":"de"},{"@type":"Organization","@id":"https:\/\/johannisstein.eu\/#organization","name":"J\u00e1nsk\u00e9 kameny","url":"https:\/\/johannisstein.eu\/","logo":{"@type":"ImageObject","inLanguage":"de","@id":"https:\/\/johannisstein.eu\/#\/schema\/logo\/image\/","url":"https:\/\/johannisstein.eu\/wp-content\/uploads\/2023\/03\/janske-kameny_logo.svg","contentUrl":"https:\/\/johannisstein.eu\/wp-content\/uploads\/2023\/03\/janske-kameny_logo.svg","width":"1024","height":"1024","caption":"J\u00e1nsk\u00e9 kameny"},"image":{"@id":"https:\/\/johannisstein.eu\/#\/schema\/logo\/image\/"},"sameAs":["https:\/\/www.facebook.com\/profile.php?id=100010641100769"]}]}},"_links":{"self":[{"href":"https:\/\/johannisstein.eu\/de\/wp-json\/wp\/v2\/pages\/506","targetHints":{"allow":["GET"]}}],"collection":[{"href":"https:\/\/johannisstein.eu\/de\/wp-json\/wp\/v2\/pages"}],"about":[{"href":"https:\/\/johannisstein.eu\/de\/wp-json\/wp\/v2\/types\/page"}],"author":[{"embeddable":true,"href":"https:\/\/johannisstein.eu\/de\/wp-json\/wp\/v2\/users\/1"}],"replies":[{"embeddable":true,"href":"https:\/\/johannisstein.eu\/de\/wp-json\/wp\/v2\/comments?post=506"}],"version-history":[{"count":27,"href":"https:\/\/johannisstein.eu\/de\/wp-json\/wp\/v2\/pages\/506\/revisions"}],"predecessor-version":[{"id":943,"href":"https:\/\/johannisstein.eu\/de\/wp-json\/wp\/v2\/pages\/506\/revisions\/943"}],"wp:attachment":[{"href":"https:\/\/johannisstein.eu\/de\/wp-json\/wp\/v2\/media?parent=506"}],"curies":[{"name":"wp","href":"https:\/\/api.w.org\/{rel}","templated":true}]}}